{"id":71,"date":"2024-07-18T15:57:17","date_gmt":"2024-07-18T15:57:17","guid":{"rendered":"https:\/\/www.main-bvxea6i-ugawbyvmqd4hm.us-3.platformsh.site\/?page_id=71"},"modified":"2026-03-11T07:36:01","modified_gmt":"2026-03-11T14:36:01","slug":"meeting-types-santa-clara","status":"publish","type":"page","link":"https:\/\/www.discoversantaclara.org\/vi\/groups-meetings\/meeting-types-santa-clara\/","title":{"rendered":"Ngh\u0129 l\u1edbn"},"content":{"rendered":"<div class=\"wp-block-cover alignfull is-light hero-slider\"><span aria-hidden=\"true\" class=\"wp-block-cover__background has-background-dim-0 has-background-dim\"><\/span><div class=\"wp-block-cover__inner-container is-layout-flow wp-block-cover-is-layout-flow\">\n<section id=\"\" class=\"slider-type-gallery  slider-arrows-below wp-block-madden-theme-slider\"  data-uid=\"203d916c-3936-4316-ba39-3d77a9cbda6a\">\n\t<div class=\"swiper\" data-enableautoplay=\"1\" data-centeredslides=\"\" data-effect=\"fade\" data-loop=\"\" data-freemode=\"\" data-enablemousescroll=\"\" data-enablearrownavigation=\"1\" data-enablepagination=\"\" data-enablescrollbar=\"\" data-sliderdirectiondesktop=\"horizontal\" data-sliderdirectiontablet=\"horizontal\" data-sliderdirectionmobile=\"horizontal\" data-enablegridrows=\"1\" data-gridrowsdesktop=\"1\" data-gridrowstablet=\"1\" data-gridrowsmobile=\"1\" data-enablespacebetween=\"\" data-spacebetweendesktop=\"10\" data-spacebetweentablet=\"10\" data-spacebetweenmobile=\"10\" data-enableslidesperview=\"\" data-enableslidesperviewauto=\"\" data-slidesperviewdesktop=\"4\" data-slidesperviewtablet=\"2\" data-slidesperviewmobile=\"1\" data-enableslidespergroup=\"\" data-enableslidespergroupauto=\"\" data-slidespergroupdesktop=\"4\" data-slidespergrouptablet=\"2\" data-slidespergroupmobile=\"1\">\n\n\t\t<div class=\"swiper-wrapper\">\n\t\t\t              <div class=\"swiper-slide\">\n                <figure class=\"wp-block-image size-full\" data-fancybox=\"gallery\" data-caption=\"\" data-src=\"https:\/\/www.discoversantaclara.org\/wp-content\/uploads\/2024\/12\/20930726_ImageLargeWidth.jpg\" style=\"height: 600px;\">\n                  <img loading=\"lazy\" decoding=\"async\" width=\"1600\" height=\"900\" src=\"https:\/\/www.discoversantaclara.org\/wp-content\/uploads\/2024\/12\/20930726_ImageLargeWidth.jpg\" class=\"attachment-full size-full\" alt=\"A professional video camera with a viewfinder displaying a live feed of a person speaking on stage in Santa Clara, California.\" title=\"\">                <\/figure>\n              <\/div>\n                            <div class=\"swiper-slide\">\n                <figure class=\"wp-block-image size-full\" data-fancybox=\"gallery\" data-caption=\"\" data-src=\"https:\/\/www.discoversantaclara.org\/wp-content\/uploads\/2024\/12\/20934748_ImageLargeWidth.jpg\" style=\"height: 600px;\">\n                  <img loading=\"lazy\" decoding=\"async\" width=\"1200\" height=\"675\" src=\"https:\/\/www.discoversantaclara.org\/wp-content\/uploads\/2024\/12\/20934748_ImageLargeWidth.jpg\" class=\"attachment-full size-full\" alt=\"A large screen displays the words &#039;IMAGINE EVERYTHING&#039; in bright green letters against a dark background, illuminated by stage lights in Santa Clara, California.\" title=\"\">                <\/figure>\n              <\/div>\n              \t\t<\/div>\n\t<\/div>\n\n\t<div class=\"swiper-navigation-wrapper\"><div class=\"swiper-button-prev\" style=\"color:;background-color:;\"><\/div><div class=\"swiper-button-next\" style=\"color:;background-color:;\"><\/div><\/div><\/section>\n<\/div><\/div>\n\n\n\n<div class=\"wp-block-group has-global-padding is-layout-constrained wp-block-group-is-layout-constrained\" style=\"padding-top:var(--wp--preset--spacing--40);padding-bottom:0\">\n<h1 class=\"wp-block-heading center-on-mobile\"><strong>Ngh\u0129 l\u1edbn<\/strong><\/h1>\n\n\n\n<p class=\"center-on-mobile has-normal-big-font-size\">Experience versatility, creativity, and personalized precision.<\/p>\n<\/div>\n\n\n<div style=\"--responsive-spacer--desktop:4rem;--responsive-spacer--tablet:4rem;--responsive-spacer--mobile:3rem;\" class=\"wp-block-madden-theme-responsive-spacer\"><\/div>\n\n\n<div class=\"wp-block-group image-left-content-right has-global-padding is-layout-constrained wp-block-group-is-layout-constrained\" style=\"padding-top:var(--wp--preset--spacing--50);padding-bottom:var(--wp--preset--spacing--50)\">\n<div class=\"wp-block-group image-left-content-right__wrapper has-aqua-light-background-color has-background has-global-padding is-layout-constrained wp-block-group-is-layout-constrained\">\n<div class=\"wp-block-columns is-layout-flex wp-container-core-columns-is-layout-59b338dc wp-block-columns-is-layout-flex\" style=\"padding-top:0;padding-right:0;padding-bottom:0;padding-left:0\">\n<div class=\"wp-block-column is-vertically-aligned-stretch image-left-content-right__image is-layout-flow wp-block-column-is-layout-flow\" style=\"padding-top:0;padding-bottom:0\">\n<figure class=\"wp-block-image size-large is-style-wavy-right-bottom\"><img loading=\"lazy\" decoding=\"async\" width=\"584\" height=\"389\" src=\"https:\/\/www.discoversantaclara.org\/wp-content\/uploads\/2024\/12\/pexels-caleb-oquendo-7780108.jpg\" alt=\"San Jose Meeting Space\" class=\"wp-image-30485\" style=\"aspect-ratio:4\/3;object-fit:cover\" title=\"\"><\/figure>\n<\/div>\n\n\n\n<div class=\"wp-block-column is-vertically-aligned-stretch image-left-content-right__content is-layout-flow wp-block-column-is-layout-flow\" style=\"padding-top:var(--wp--preset--spacing--50);padding-right:0;padding-bottom:var(--wp--preset--spacing--50);padding-left:0\">\n<div class=\"wp-block-group has-global-padding is-layout-constrained wp-container-core-group-is-layout-97829e9f wp-block-group-is-layout-constrained\" style=\"padding-right:var(--wp--preset--spacing--40);padding-left:var(--wp--preset--spacing--40)\">\n<h2 class=\"wp-block-heading has-large-big-font-size\">Corporate Meetings<\/h2>\n\n\n\n<div class=\"wp-block-group has-global-padding is-layout-constrained wp-container-core-group-is-layout-885f993d wp-block-group-is-layout-constrained\" style=\"border-left-color:var(--wp--preset--color--blue);border-left-width:10px;padding-left:var(--wp--preset--spacing--40)\">\n<p class=\"has-normal-big-font-size\">Transforming the way we come together. Here in Santa Clara we create a meeting atmosphere that is conducive for presentations, small and large group discussions and workshops. Our&nbsp;<a href=\"https:\/\/www.discoversantaclara.org\/vi\/groups-meetings\/event-spaces\/\">facilities meeting rooms<\/a>&nbsp;have been used as break outs for corporate kickoffs, conferences, and conventions<\/p>\n<\/div>\n<\/div>\n<\/div>\n<\/div>\n<\/div>\n<\/div>\n\n\n<div style=\"--responsive-spacer--desktop:8rem;--responsive-spacer--tablet:8rem;--responsive-spacer--mobile:4rem;\" class=\"wp-block-madden-theme-responsive-spacer\"><\/div>\n\n\n<div class=\"wp-block-group image-right-content-left has-global-padding is-layout-constrained wp-block-group-is-layout-constrained\" style=\"padding-top:var(--wp--preset--spacing--50);padding-bottom:var(--wp--preset--spacing--50)\">\n<div class=\"wp-block-group image-left-content-right__wrapper has-aqua-light-background-color has-background has-global-padding is-layout-constrained wp-block-group-is-layout-constrained\">\n<div class=\"wp-block-columns reversed-on-mobile is-layout-flex wp-container-core-columns-is-layout-59b338dc wp-block-columns-is-layout-flex\" style=\"padding-top:0;padding-right:0;padding-bottom:0;padding-left:0\">\n<div class=\"wp-block-column is-vertically-aligned-stretch image-right-content-left__content is-layout-flow wp-block-column-is-layout-flow\" style=\"padding-top:var(--wp--preset--spacing--50);padding-right:0;padding-bottom:var(--wp--preset--spacing--50);padding-left:0\">\n<div class=\"wp-block-group has-global-padding is-layout-constrained wp-container-core-group-is-layout-333b78d7 wp-block-group-is-layout-constrained\" style=\"padding-top:0;padding-right:var(--wp--preset--spacing--40);padding-bottom:0;padding-left:var(--wp--preset--spacing--60)\">\n<h2 class=\"wp-block-heading has-large-big-font-size\">Sporting Events<\/h2>\n\n\n\n<div class=\"wp-block-group has-global-padding is-layout-constrained wp-container-core-group-is-layout-885f993d wp-block-group-is-layout-constrained\" style=\"border-left-color:var(--wp--preset--color--blue);border-left-width:10px;padding-left:var(--wp--preset--spacing--40)\">\n<p class=\"has-normal-big-font-size\">A new era of events. Our\u00a0<a href=\"https:\/\/www.discoversantaclara.org\/vi\/groups-meetings\/event-spaces\/\">Ph\u00f2ng tri\u1ec3n l\u00e3m<\/a>\u00a0have ample room to accommodate any type of indoor sport, including but not limited to: Volleyball, Futsal, Badminton, Gymnastics, Dance Competitions, Yoga, Cheerleading Competitions, Bodybuilding and more.<\/p>\n<\/div>\n<\/div>\n<\/div>\n\n\n\n<div class=\"wp-block-column is-vertically-aligned-stretch image-right-content-left__image is-layout-flow wp-block-column-is-layout-flow\" style=\"padding-top:0;padding-bottom:0\">\n<figure class=\"wp-block-image size-large is-style-wavy-left-bottom\"><img loading=\"lazy\" decoding=\"async\" width=\"1000\" height=\"668\" src=\"https:\/\/www.discoversantaclara.org\/wp-content\/uploads\/2024\/12\/pablo-heimplatz-ZODcBkEohk8-unsplash.jpg\" alt=\"A vibrant concert scene with a sea of people raising their hands, surrounded by a dazzling shower of confetti and illuminated by colorful stage lights in Santa Clara, California.\" class=\"wp-image-30486\" style=\"aspect-ratio:4\/3;object-fit:cover\" title=\"\"><\/figure>\n<\/div>\n<\/div>\n<\/div>\n<\/div>\n\n\n<div style=\"--responsive-spacer--desktop:8rem;--responsive-spacer--tablet:8rem;--responsive-spacer--mobile:4rem;\" class=\"wp-block-madden-theme-responsive-spacer\"><\/div>\n\n\n<div class=\"wp-block-group image-left-content-right has-global-padding is-layout-constrained wp-block-group-is-layout-constrained\" style=\"padding-top:var(--wp--preset--spacing--50);padding-bottom:var(--wp--preset--spacing--50)\">\n<div class=\"wp-block-group image-left-content-right__wrapper has-aqua-light-background-color has-background has-global-padding is-layout-constrained wp-block-group-is-layout-constrained\">\n<div class=\"wp-block-columns is-layout-flex wp-container-core-columns-is-layout-59b338dc wp-block-columns-is-layout-flex\" style=\"padding-top:0;padding-right:0;padding-bottom:0;padding-left:0\">\n<div class=\"wp-block-column is-vertically-aligned-stretch image-left-content-right__image is-layout-flow wp-block-column-is-layout-flow\" style=\"padding-top:0;padding-bottom:0\">\n<figure class=\"wp-block-image size-large is-style-wavy-right-bottom\"><img loading=\"lazy\" decoding=\"async\" width=\"735\" height=\"490\" src=\"https:\/\/www.discoversantaclara.org\/wp-content\/uploads\/2024\/12\/pexels-rodnae-productions-6518889.jpg\" alt=\"A woman joyfully puts on a Santa hat while celebrating with friends in a festive setting in Santa Clara, California.\" class=\"wp-image-30487\" style=\"aspect-ratio:4\/3;object-fit:cover\" title=\"\"><\/figure>\n<\/div>\n\n\n\n<div class=\"wp-block-column is-vertically-aligned-stretch image-left-content-right__content is-layout-flow wp-block-column-is-layout-flow\" style=\"padding-top:var(--wp--preset--spacing--50);padding-right:0;padding-bottom:var(--wp--preset--spacing--50);padding-left:0\">\n<div class=\"wp-block-group has-global-padding is-layout-constrained wp-container-core-group-is-layout-97829e9f wp-block-group-is-layout-constrained\" style=\"padding-right:var(--wp--preset--spacing--40);padding-left:var(--wp--preset--spacing--40)\">\n<h2 class=\"wp-block-heading has-large-big-font-size\">Holiday Parties<\/h2>\n\n\n\n<div class=\"wp-block-group has-global-padding is-layout-constrained wp-container-core-group-is-layout-885f993d wp-block-group-is-layout-constrained\" style=\"border-left-color:var(--wp--preset--color--blue);border-left-width:10px;padding-left:var(--wp--preset--spacing--40)\">\n<p class=\"has-normal-big-font-size\">Make it memorable. Let our visionary team take your event to the next level. Our professional management and catering experts are prepared to impress all your guests.<\/p>\n<\/div>\n<\/div>\n<\/div>\n<\/div>\n<\/div>\n<\/div>\n\n\n<div style=\"--responsive-spacer--desktop:8rem;--responsive-spacer--tablet:8rem;--responsive-spacer--mobile:4rem;\" class=\"wp-block-madden-theme-responsive-spacer\"><\/div>\n\n\n<div class=\"wp-block-group image-right-content-left has-global-padding is-layout-constrained wp-block-group-is-layout-constrained\" style=\"padding-top:var(--wp--preset--spacing--50);padding-bottom:var(--wp--preset--spacing--50)\">\n<div class=\"wp-block-group image-left-content-right__wrapper has-aqua-light-background-color has-background has-global-padding is-layout-constrained wp-block-group-is-layout-constrained\">\n<div class=\"wp-block-columns reversed-on-mobile is-layout-flex wp-container-core-columns-is-layout-59b338dc wp-block-columns-is-layout-flex\" style=\"padding-top:0;padding-right:0;padding-bottom:0;padding-left:0\">\n<div class=\"wp-block-column is-vertically-aligned-stretch image-right-content-left__content is-layout-flow wp-block-column-is-layout-flow\" style=\"padding-top:var(--wp--preset--spacing--50);padding-right:0;padding-bottom:var(--wp--preset--spacing--50);padding-left:0\">\n<div class=\"wp-block-group has-global-padding is-layout-constrained wp-container-core-group-is-layout-333b78d7 wp-block-group-is-layout-constrained\" style=\"padding-top:0;padding-right:var(--wp--preset--spacing--40);padding-bottom:0;padding-left:var(--wp--preset--spacing--60)\">\n<h2 class=\"wp-block-heading has-large-big-font-size\">Trade Shows, Expos and Public Shows<\/h2>\n\n\n\n<div class=\"wp-block-group has-global-padding is-layout-constrained wp-container-core-group-is-layout-885f993d wp-block-group-is-layout-constrained\" style=\"border-left-color:var(--wp--preset--color--blue);border-left-width:10px;padding-left:var(--wp--preset--spacing--40)\">\n<p class=\"has-normal-big-font-size\">The forefront of innovation. Our Convention Center is recognized for its prime location in the center of Silicon Valley. Sprawling exhibit halls are equipped for any set up with customized options from start to finish.<\/p>\n<\/div>\n<\/div>\n<\/div>\n\n\n\n<div class=\"wp-block-column is-vertically-aligned-stretch image-right-content-left__image is-layout-flow wp-block-column-is-layout-flow\" style=\"padding-top:0;padding-bottom:0\">\n<figure class=\"wp-block-image size-large is-style-wavy-left-bottom\"><img loading=\"lazy\" decoding=\"async\" width=\"886\" height=\"591\" src=\"https:\/\/www.discoversantaclara.org\/wp-content\/uploads\/2024\/12\/pexels-henri-mathieusaintlaurent-8348463.jpg\" alt=\"A man wearing a denim vest and holding a microphone gestures while speaking at an event in Santa Clara, California.\" class=\"wp-image-30488\" style=\"aspect-ratio:4\/3;object-fit:cover\" title=\"\"><\/figure>\n<\/div>\n<\/div>\n<\/div>\n<\/div>\n\n\n<div style=\"--responsive-spacer--desktop:8rem;--responsive-spacer--tablet:8rem;--responsive-spacer--mobile:4rem;\" class=\"wp-block-madden-theme-responsive-spacer\"><\/div>\n\n\n<div class=\"wp-block-group image-left-content-right has-global-padding is-layout-constrained wp-block-group-is-layout-constrained\" style=\"padding-top:var(--wp--preset--spacing--50);padding-bottom:var(--wp--preset--spacing--50)\">\n<div class=\"wp-block-group image-left-content-right__wrapper has-aqua-light-background-color has-background has-global-padding is-layout-constrained wp-block-group-is-layout-constrained\">\n<div class=\"wp-block-columns is-layout-flex wp-container-core-columns-is-layout-59b338dc wp-block-columns-is-layout-flex\" style=\"padding-top:0;padding-right:0;padding-bottom:0;padding-left:0\">\n<div class=\"wp-block-column is-vertically-aligned-stretch image-left-content-right__image is-layout-flow wp-block-column-is-layout-flow\" style=\"padding-top:0;padding-bottom:0\">\n<figure class=\"wp-block-image size-large is-style-wavy-right-bottom\"><img loading=\"lazy\" decoding=\"async\" width=\"1000\" height=\"668\" src=\"https:\/\/www.discoversantaclara.org\/wp-content\/uploads\/2024\/12\/iStock-1176549114.jpg\" alt=\"A group of friends celebrates with a toast of red wine glasses at a table set in a picturesque vineyard with rolling hills and mountains in the background in Santa Clara, California.\" class=\"wp-image-30489\" style=\"aspect-ratio:4\/3;object-fit:cover\" title=\"\"><\/figure>\n<\/div>\n\n\n\n<div class=\"wp-block-column is-vertically-aligned-stretch image-left-content-right__content is-layout-flow wp-block-column-is-layout-flow\" style=\"padding-top:var(--wp--preset--spacing--50);padding-right:0;padding-bottom:var(--wp--preset--spacing--50);padding-left:0\">\n<div class=\"wp-block-group has-global-padding is-layout-constrained wp-container-core-group-is-layout-97829e9f wp-block-group-is-layout-constrained\" style=\"padding-right:var(--wp--preset--spacing--40);padding-left:var(--wp--preset--spacing--40)\">\n<h2 class=\"wp-block-heading has-large-big-font-size\">Social Events<\/h2>\n\n\n\n<div class=\"wp-block-group has-global-padding is-layout-constrained wp-container-core-group-is-layout-885f993d wp-block-group-is-layout-constrained\" style=\"border-left-color:var(--wp--preset--color--blue);border-left-width:10px;padding-left:var(--wp--preset--spacing--40)\">\n<p class=\"has-normal-big-font-size\">Urban gatherings. The Center of Silicon Valley is the perfect location to host your Social or Networking event. We provide a one-of-a-kind experience, making your event unlike any other. Make lifelong connections and give your guests an event to remember.<\/p>\n<\/div>\n<\/div>\n<\/div>\n<\/div>\n<\/div>\n<\/div>\n\n\n<div style=\"--responsive-spacer--desktop:8rem;--responsive-spacer--tablet:8rem;--responsive-spacer--mobile:4rem;\" class=\"wp-block-madden-theme-responsive-spacer\"><\/div>\n\n\n<div class=\"wp-block-group image-right-content-left has-global-padding is-layout-constrained wp-block-group-is-layout-constrained\" style=\"padding-top:var(--wp--preset--spacing--50);padding-bottom:var(--wp--preset--spacing--50)\">\n<div class=\"wp-block-group image-left-content-right__wrapper has-aqua-light-background-color has-background has-global-padding is-layout-constrained wp-block-group-is-layout-constrained\">\n<div class=\"wp-block-columns reversed-on-mobile is-layout-flex wp-container-core-columns-is-layout-59b338dc wp-block-columns-is-layout-flex\" style=\"padding-top:0;padding-right:0;padding-bottom:0;padding-left:0\">\n<div class=\"wp-block-column is-vertically-aligned-stretch image-right-content-left__content is-layout-flow wp-block-column-is-layout-flow\" style=\"padding-top:var(--wp--preset--spacing--50);padding-right:0;padding-bottom:var(--wp--preset--spacing--50);padding-left:0\">\n<div class=\"wp-block-group has-global-padding is-layout-constrained wp-container-core-group-is-layout-333b78d7 wp-block-group-is-layout-constrained\" style=\"padding-top:0;padding-right:var(--wp--preset--spacing--40);padding-bottom:0;padding-left:var(--wp--preset--spacing--60)\">\n<h2 class=\"wp-block-heading has-large-big-font-size\">Weddings<\/h2>\n\n\n\n<div class=\"wp-block-group has-global-padding is-layout-constrained wp-container-core-group-is-layout-885f993d wp-block-group-is-layout-constrained\" style=\"border-left-color:var(--wp--preset--color--blue);border-left-width:10px;padding-left:var(--wp--preset--spacing--40)\">\n<p class=\"has-normal-big-font-size\">Where dreams become reality. Planning a wedding, anniversary, or celebration? The Santa Clara Convention Center\u2019s dedicated team will attend to every detail and work tirelessly to make sure your dream is better than you imagined.<\/p>\n<\/div>\n<\/div>\n<\/div>\n\n\n\n<div class=\"wp-block-column is-vertically-aligned-stretch image-right-content-left__image is-layout-flow wp-block-column-is-layout-flow\" style=\"padding-top:0;padding-bottom:0\">\n<figure class=\"wp-block-image size-large is-style-wavy-left-bottom\"><img loading=\"lazy\" decoding=\"async\" width=\"848\" height=\"565\" src=\"https:\/\/www.discoversantaclara.org\/wp-content\/uploads\/2024\/12\/pexels-maria-lindsey-content-creator-5989860.jpg\" alt=\"A couple&#039;s hands are gently holding a knife together, slicing into a beautifully decorated three-tiered wedding cake adorned with white frosting and delicate flowers in Santa Clara, California.\" class=\"wp-image-30490\" style=\"aspect-ratio:4\/3;object-fit:cover\" title=\"\"><\/figure>\n<\/div>\n<\/div>\n<\/div>\n<\/div>\n\n\n<div style=\"--responsive-spacer--desktop:8rem;--responsive-spacer--tablet:8rem;--responsive-spacer--mobile:4rem;\" class=\"wp-block-madden-theme-responsive-spacer\"><\/div>\n\n\n<div class=\"wp-block-group has-global-padding is-layout-constrained wp-container-core-group-is-layout-64f842fa wp-block-group-is-layout-constrained\" style=\"padding-top:0;padding-bottom:0\">\n<div class=\"wp-block-columns is-layout-flex wp-container-core-columns-is-layout-08c01c1c wp-block-columns-is-layout-flex\">\n<div class=\"wp-block-column has-white-color has-blue-background-color has-text-color has-background has-link-color wp-elements-c030e7285f735db994f784aeedd58bd9 is-layout-flow wp-block-column-is-layout-flow\" style=\"padding-top:var(--wp--preset--spacing--50);padding-right:var(--wp--preset--spacing--30);padding-bottom:var(--wp--preset--spacing--50);padding-left:var(--wp--preset--spacing--30)\">\n<h2 class=\"wp-block-heading has-text-align-center has-large-font-size\">Tr\u1ea3i nghi\u1ec7m c\u1ee7a ng\u01b0\u1eddi tham d\u1ef1<\/h2>\n\n\n<div style=\"--responsive-spacer--desktop:1rem;--responsive-spacer--tablet:1rem;--responsive-spacer--mobile:1rem;\" class=\"wp-block-madden-theme-responsive-spacer\"><\/div>\n\n\n<div class=\"wp-block-buttons is-content-justification-center is-layout-flex wp-container-core-buttons-is-layout-a89b3969 wp-block-buttons-is-layout-flex\">\n<div class=\"wp-block-button\"><a class=\"wp-block-button__link wp-element-button\" href=\"https:\/\/www.discoversantaclara.org\/vi\/groups-meetings\/attendee-experience\/\">Kh\u00e1m ph\u00e1 th\u00eam<\/a><\/div>\n<\/div>\n<\/div>\n\n\n\n<div class=\"wp-block-column has-white-color has-blue-background-color has-text-color has-background has-link-color wp-elements-bbdf3dce0b0376457942de829430e9e0 is-layout-flow wp-block-column-is-layout-flow\" style=\"padding-top:var(--wp--preset--spacing--50);padding-right:var(--wp--preset--spacing--30);padding-bottom:var(--wp--preset--spacing--50);padding-left:var(--wp--preset--spacing--30)\">\n<h2 class=\"wp-block-heading has-text-align-center has-large-font-size\">Quan h\u1ec7 \u0111\u1ed1i t\u00e1c s\u00e1ng t\u1ea1o<\/h2>\n\n\n<div style=\"--responsive-spacer--desktop:1rem;--responsive-spacer--tablet:1rem;--responsive-spacer--mobile:1rem;\" class=\"wp-block-madden-theme-responsive-spacer\"><\/div>\n\n\n<div class=\"wp-block-buttons is-content-justification-center is-layout-flex wp-container-core-buttons-is-layout-a89b3969 wp-block-buttons-is-layout-flex\">\n<div class=\"wp-block-button\"><a class=\"wp-block-button__link wp-element-button\" href=\"https:\/\/www.discoversantaclara.org\/vi\/groups-meetings\/venues\/unique-venues\/\">Kh\u00e1m ph\u00e1 th\u00eam<\/a><\/div>\n<\/div>\n<\/div>\n\n\n\n<div class=\"wp-block-column has-white-color has-blue-background-color has-text-color has-background has-link-color wp-elements-e511936255a2404259241d0cac7d9c7c is-layout-flow wp-block-column-is-layout-flow\" style=\"padding-top:var(--wp--preset--spacing--50);padding-right:var(--wp--preset--spacing--30);padding-bottom:var(--wp--preset--spacing--50);padding-left:var(--wp--preset--spacing--30)\">\n<h2 class=\"wp-block-heading has-text-align-center has-large-font-size\">C\u00e1c chuy\u00ean gia s\u1ef1 ki\u1ec7n<\/h2>\n\n\n<div style=\"--responsive-spacer--desktop:1rem;--responsive-spacer--tablet:1rem;--responsive-spacer--mobile:1rem;\" class=\"wp-block-madden-theme-responsive-spacer\"><\/div>\n\n\n<div class=\"wp-block-buttons is-content-justification-center is-layout-flex wp-container-core-buttons-is-layout-a89b3969 wp-block-buttons-is-layout-flex\">\n<div class=\"wp-block-button\"><a class=\"wp-block-button__link wp-element-button\" href=\"https:\/\/www.discoversantaclara.org\/vi\/groups-meetings\/destination-services\/\">Kh\u00e1m ph\u00e1 th\u00eam<\/a><\/div>\n<\/div>\n<\/div>\n<\/div>\n<\/div>\n\n\n\n<p><\/p>","protected":false},"excerpt":{"rendered":"<p>Think Big Experience versatility, creativity, and personalized precision. Corporate Meetings Transforming the way we come together. Here in Santa Clara we create a meeting atmosphere that is conducive for presentations, small and large group discussions and workshops. Our&nbsp;facilities meeting rooms&nbsp;have been used as break outs for corporate kickoffs, conferences, and conventions Sporting Events A new [&hellip;]<\/p>\n","protected":false},"author":1,"featured_media":0,"parent":1505,"menu_order":43,"comment_status":"closed","ping_status":"closed","template":"","meta":{"_acf_changed":false,"footnotes":""},"class_list":["post-71","page","type-page","status-publish","hentry"],"acf":[],"content_card":null,"_links":{"self":[{"href":"https:\/\/www.discoversantaclara.org\/vi\/wp-json\/wp\/v2\/pages\/71","targetHints":{"allow":["GET"]}}],"collection":[{"href":"https:\/\/www.discoversantaclara.org\/vi\/wp-json\/wp\/v2\/pages"}],"about":[{"href":"https:\/\/www.discoversantaclara.org\/vi\/wp-json\/wp\/v2\/types\/page"}],"author":[{"embeddable":true,"href":"https:\/\/www.discoversantaclara.org\/vi\/wp-json\/wp\/v2\/users\/1"}],"replies":[{"embeddable":true,"href":"https:\/\/www.discoversantaclara.org\/vi\/wp-json\/wp\/v2\/comments?post=71"}],"version-history":[{"count":28,"href":"https:\/\/www.discoversantaclara.org\/vi\/wp-json\/wp\/v2\/pages\/71\/revisions"}],"predecessor-version":[{"id":57114,"href":"https:\/\/www.discoversantaclara.org\/vi\/wp-json\/wp\/v2\/pages\/71\/revisions\/57114"}],"up":[{"embeddable":true,"href":"https:\/\/www.discoversantaclara.org\/vi\/wp-json\/wp\/v2\/pages\/1505"}],"wp:attachment":[{"href":"https:\/\/www.discoversantaclara.org\/vi\/wp-json\/wp\/v2\/media?parent=71"}],"curies":[{"name":"wp","href":"https:\/\/api.w.org\/{rel}","templated":true}]}}