{"id":30,"date":"2024-07-18T15:50:54","date_gmt":"2024-07-18T15:50:54","guid":{"rendered":"https:\/\/www.main-bvxea6i-ugawbyvmqd4hm.us-3.platformsh.site\/?page_id=30"},"modified":"2026-04-03T12:26:04","modified_gmt":"2026-04-03T19:26:04","slug":"fun-facts-santa-clara","status":"publish","type":"page","link":"https:\/\/www.discoversantaclara.org\/vi\/plan\/fun-facts-santa-clara\/","title":{"rendered":"S\u1ef1 th\u1eadt th\u00fa v\u1ecb"},"content":{"rendered":"<div class=\"wp-block-cover alignfull is-light hero-slider\"><span aria-hidden=\"true\" class=\"wp-block-cover__background has-background-dim-0 has-background-dim\"><\/span><div class=\"wp-block-cover__inner-container is-layout-flow wp-block-cover-is-layout-flow\">\n<section id=\"\" class=\"slider-type-gallery  slider-arrows-below wp-block-madden-theme-slider\"  data-uid=\"6637f1d8-1f77-42af-a063-9ff566019f27\">\n\t<div class=\"swiper\" data-enableautoplay=\"1\" data-centeredslides=\"\" data-effect=\"fade\" data-loop=\"\" data-freemode=\"\" data-enablemousescroll=\"\" data-enablearrownavigation=\"1\" data-enablepagination=\"\" data-enablescrollbar=\"\" data-sliderdirectiondesktop=\"horizontal\" data-sliderdirectiontablet=\"horizontal\" data-sliderdirectionmobile=\"horizontal\" data-enablegridrows=\"1\" data-gridrowsdesktop=\"1\" data-gridrowstablet=\"1\" data-gridrowsmobile=\"1\" data-enablespacebetween=\"\" data-spacebetweendesktop=\"10\" data-spacebetweentablet=\"10\" data-spacebetweenmobile=\"10\" data-enableslidesperview=\"\" data-enableslidesperviewauto=\"\" data-slidesperviewdesktop=\"4\" data-slidesperviewtablet=\"2\" data-slidesperviewmobile=\"1\" data-enableslidespergroup=\"\" data-enableslidespergroupauto=\"\" data-slidespergroupdesktop=\"4\" data-slidespergrouptablet=\"2\" data-slidespergroupmobile=\"1\">\n\n\t\t<div class=\"swiper-wrapper\">\n\t\t\t              <div class=\"swiper-slide\">\n                <figure class=\"wp-block-image size-full\" data-fancybox=\"gallery\" data-caption=\"\" data-src=\"https:\/\/www.discoversantaclara.org\/wp-content\/uploads\/2025\/01\/20932387_ImageLargeWidth.jpeg\" style=\"height: 600px;\">\n                  <img loading=\"lazy\" decoding=\"async\" width=\"1600\" height=\"1067\" src=\"https:\/\/www.discoversantaclara.org\/wp-content\/uploads\/2025\/01\/20932387_ImageLargeWidth.jpeg\" class=\"attachment-full size-full\" alt=\"Things to Do in San Francisco with Kids\" title=\"\">                <\/figure>\n              <\/div>\n              \t\t<\/div>\n\t<\/div>\n\n\t<div class=\"swiper-navigation-wrapper\"><div class=\"swiper-button-prev\" style=\"color:;background-color:;\"><\/div><div class=\"swiper-button-next\" style=\"color:;background-color:;\"><\/div><\/div><\/section>\n<\/div><\/div>\n\n\n\n<div class=\"wp-block-group has-global-padding is-layout-constrained wp-block-group-is-layout-constrained\" style=\"padding-top:var(--wp--preset--spacing--40);padding-bottom:0\">\n<h1 class=\"wp-block-heading center-on-mobile\"><strong><strong><strong>S\u1ef1 th\u1eadt th\u00fa v\u1ecb<\/strong><\/strong><\/strong><\/h1>\n\n\n\n<p class=\"center-on-mobile has-normal-big-font-size\">Thinking big and looking forward has always been a part of what makes Santa Clara unique.&nbsp; Discover some fun facts about Santa Clara&#8217;s history<\/p>\n<\/div>\n\n\n<div style=\"--responsive-spacer--desktop:4rem;--responsive-spacer--tablet:4rem;--responsive-spacer--mobile:3rem;\" class=\"wp-block-madden-theme-responsive-spacer\"><\/div>\n\n\n<div class=\"wp-block-group image-left-content-right has-global-padding is-layout-constrained wp-block-group-is-layout-constrained\" style=\"padding-top:var(--wp--preset--spacing--50);padding-bottom:var(--wp--preset--spacing--50)\">\n<div class=\"wp-block-group image-left-content-right__wrapper has-aqua-light-background-color has-background has-global-padding is-layout-constrained wp-block-group-is-layout-constrained\">\n<div class=\"wp-block-columns is-layout-flex wp-container-core-columns-is-layout-59b338dc wp-block-columns-is-layout-flex\" style=\"padding-top:0;padding-right:0;padding-bottom:0;padding-left:0\">\n<div class=\"wp-block-column is-vertically-aligned-stretch image-left-content-right__image is-layout-flow wp-block-column-is-layout-flow\" style=\"padding-top:0;padding-bottom:0\">\n<figure class=\"wp-block-image size-large is-style-wavy-right-bottom\"><img loading=\"lazy\" decoding=\"async\" width=\"992\" height=\"856\" src=\"https:\/\/www.discoversantaclara.org\/wp-content\/uploads\/2025\/01\/20524627_ImageMediumWidth.jpg\" alt=\"\" class=\"wp-image-31095\" style=\"aspect-ratio:4\/3;object-fit:cover\" title=\"\"><\/figure>\n<\/div>\n\n\n\n<div class=\"wp-block-column is-vertically-aligned-stretch image-left-content-right__content is-layout-flow wp-block-column-is-layout-flow\" style=\"padding-top:var(--wp--preset--spacing--50);padding-right:0;padding-bottom:var(--wp--preset--spacing--50);padding-left:0\">\n<div class=\"wp-block-group has-global-padding is-layout-constrained wp-container-core-group-is-layout-97829e9f wp-block-group-is-layout-constrained\" style=\"padding-right:var(--wp--preset--spacing--40);padding-left:var(--wp--preset--spacing--40)\">\n<h2 class=\"wp-block-heading has-large-big-font-size\">Best Of Bay Area Athletes<\/h2>\n\n\n\n<div class=\"wp-block-group has-global-padding is-layout-constrained wp-container-core-group-is-layout-885f993d wp-block-group-is-layout-constrained\" style=\"border-left-color:var(--wp--preset--color--blue);border-left-width:10px;padding-left:var(--wp--preset--spacing--40)\">\n<p class=\"has-normal-big-font-size\">Known around the world for our renowned sports facilities has led to a number of influential athletes. Learn about some famous Bay Area residents!<\/p>\n\n\n\n<div class=\"wp-block-buttons is-layout-flex wp-block-buttons-is-layout-flex\">\n<div class=\"wp-block-button\"><a rel=\"noreferrer noopener\" target=\"_blank\" href=\"https:\/\/www.sfgate.com\/sports\/slideshow\/The-best-Bay-Area-born-athletes-of-all-time-56295.php\" class=\"wp-block-button__link wp-element-button\">Kh\u00e1m ph\u00e1 th\u00eam<\/a><\/div>\n<\/div>\n<\/div>\n<\/div>\n<\/div>\n<\/div>\n<\/div>\n<\/div>\n\n\n<div style=\"--responsive-spacer--desktop:8rem;--responsive-spacer--tablet:8rem;--responsive-spacer--mobile:4rem;\" class=\"wp-block-madden-theme-responsive-spacer\"><\/div>\n\n\n<div class=\"wp-block-group image-right-content-left has-global-padding is-layout-constrained wp-block-group-is-layout-constrained\" style=\"padding-top:var(--wp--preset--spacing--50);padding-bottom:var(--wp--preset--spacing--50)\">\n<div class=\"wp-block-group image-left-content-right__wrapper has-aqua-light-background-color has-background has-global-padding is-layout-constrained wp-block-group-is-layout-constrained\">\n<div class=\"wp-block-columns reversed-on-mobile is-layout-flex wp-container-core-columns-is-layout-59b338dc wp-block-columns-is-layout-flex\" style=\"padding-top:0;padding-right:0;padding-bottom:0;padding-left:0\">\n<div class=\"wp-block-column is-vertically-aligned-stretch image-right-content-left__content is-layout-flow wp-block-column-is-layout-flow\" style=\"padding-top:var(--wp--preset--spacing--50);padding-right:0;padding-bottom:var(--wp--preset--spacing--50);padding-left:0\">\n<div class=\"wp-block-group has-global-padding is-layout-constrained wp-container-core-group-is-layout-333b78d7 wp-block-group-is-layout-constrained\" style=\"padding-top:0;padding-right:var(--wp--preset--spacing--40);padding-bottom:0;padding-left:var(--wp--preset--spacing--60)\">\n<h2 class=\"wp-block-heading has-large-big-font-size\">Make the Move Living in Santa Clara<\/h2>\n\n\n\n<div class=\"wp-block-group has-global-padding is-layout-constrained wp-container-core-group-is-layout-885f993d wp-block-group-is-layout-constrained\" style=\"border-left-color:var(--wp--preset--color--blue);border-left-width:10px;padding-left:var(--wp--preset--spacing--40)\">\n<p class=\"has-normal-big-font-size\">Ready to make the move to Santa Clara? Here&#8217;s 9 things you should know:<\/p>\n\n\n\n<div class=\"wp-block-buttons is-layout-flex wp-block-buttons-is-layout-flex\">\n<div class=\"wp-block-button\"><a rel=\"noreferrer noopener\" target=\"_blank\" href=\"https:\/\/www.uphomes.com\/blog\/moving-to-santa-clara-ca.html\" class=\"wp-block-button__link wp-element-button\">Kh\u00e1m ph\u00e1 th\u00eam<\/a><\/div>\n<\/div>\n<\/div>\n<\/div>\n<\/div>\n\n\n\n<div class=\"wp-block-column is-vertically-aligned-stretch image-right-content-left__image is-layout-flow wp-block-column-is-layout-flow\" style=\"padding-top:0;padding-bottom:0\">\n<figure class=\"wp-block-image size-large is-style-wavy-left-bottom\"><img loading=\"lazy\" decoding=\"async\" width=\"900\" height=\"600\" src=\"https:\/\/www.discoversantaclara.org\/wp-content\/uploads\/2025\/01\/20524628_ImageLargeWidth.png\" alt=\"Facts About Santa Clara\" class=\"wp-image-31096\" style=\"aspect-ratio:4\/3;object-fit:cover\" title=\"\"><\/figure>\n<\/div>\n<\/div>\n<\/div>\n<\/div>\n\n\n<div style=\"--responsive-spacer--desktop:8rem;--responsive-spacer--tablet:8rem;--responsive-spacer--mobile:4rem;\" class=\"wp-block-madden-theme-responsive-spacer\"><\/div>\n\n\n<div class=\"wp-block-group tabbed-sections has-global-padding is-layout-constrained wp-container-core-group-is-layout-1920e80a wp-block-group-is-layout-constrained\" style=\"padding-top:0;padding-bottom:0\">\n<div class=\"wp-block-group tabbed-sections__tabs has-global-padding is-layout-constrained wp-block-group-is-layout-constrained\">\n<div class=\"wp-block-columns is-layout-flex wp-container-core-columns-is-layout-a4ccfc99 wp-block-columns-is-layout-flex\">\n<div class=\"wp-block-column is-vertically-aligned-stretch is-layout-flow wp-block-column-is-layout-flow\">\n<div class=\"wp-block-cover\" style=\"min-height:100%;aspect-ratio:unset;\"><span aria-hidden=\"true\" class=\"wp-block-cover__background has-blue-background-color has-background-dim-100 has-background-dim\"><\/span><div class=\"wp-block-cover__inner-container has-global-padding is-layout-constrained wp-block-cover-is-layout-constrained\">\n<div class=\"wp-block-buttons is-content-justification-center is-layout-flex wp-container-core-buttons-is-layout-a89b3969 wp-block-buttons-is-layout-flex\">\n<div class=\"wp-block-button\"><a class=\"wp-block-button__link has-white-color has-text-color has-link-color has-normal-big-font-size has-custom-font-size wp-element-button\">L\u1ecbch s\u1eed<\/a><\/div>\n<\/div>\n<\/div><\/div>\n<\/div>\n\n\n\n<div class=\"wp-block-column is-vertically-aligned-stretch is-layout-flow wp-block-column-is-layout-flow\">\n<div class=\"wp-block-cover\" style=\"min-height:100%;aspect-ratio:unset;\"><span aria-hidden=\"true\" class=\"wp-block-cover__background has-blue-background-color has-background-dim-100 has-background-dim\"><\/span><div class=\"wp-block-cover__inner-container has-global-padding is-layout-constrained wp-block-cover-is-layout-constrained\">\n<div class=\"wp-block-buttons is-content-justification-center is-layout-flex wp-container-core-buttons-is-layout-a89b3969 wp-block-buttons-is-layout-flex\">\n<div class=\"wp-block-button\"><a class=\"wp-block-button__link has-white-color has-text-color has-link-color has-normal-big-font-size has-custom-font-size wp-element-button\">V\u1ec1<\/a><\/div>\n<\/div>\n<\/div><\/div>\n<\/div>\n\n\n\n<div class=\"wp-block-column is-vertically-aligned-stretch is-layout-flow wp-block-column-is-layout-flow\">\n<div class=\"wp-block-cover\" style=\"min-height:100%;aspect-ratio:unset;\"><span aria-hidden=\"true\" class=\"wp-block-cover__background has-blue-background-color has-background-dim-100 has-background-dim\"><\/span><div class=\"wp-block-cover__inner-container has-global-padding is-layout-constrained wp-block-cover-is-layout-constrained\">\n<div class=\"wp-block-buttons is-content-justification-center is-layout-flex wp-container-core-buttons-is-layout-a89b3969 wp-block-buttons-is-layout-flex\">\n<div class=\"wp-block-button\"><a class=\"wp-block-button__link has-white-color has-text-color has-link-color has-normal-big-font-size has-custom-font-size wp-element-button\">Notable Figures<\/a><\/div>\n<\/div>\n<\/div><\/div>\n<\/div>\n\n\n\n<div class=\"wp-block-column is-vertically-aligned-stretch is-layout-flow wp-block-column-is-layout-flow\">\n<div class=\"wp-block-cover\" style=\"min-height:100%;aspect-ratio:unset;\"><span aria-hidden=\"true\" class=\"wp-block-cover__background has-blue-background-color has-background-dim-100 has-background-dim\"><\/span><div class=\"wp-block-cover__inner-container has-global-padding is-layout-constrained wp-block-cover-is-layout-constrained\">\n<div class=\"wp-block-buttons is-content-justification-center is-layout-flex wp-container-core-buttons-is-layout-a89b3969 wp-block-buttons-is-layout-flex\">\n<div class=\"wp-block-button\"><a class=\"wp-block-button__link has-white-color has-text-color has-link-color has-normal-big-font-size has-custom-font-size wp-element-button\">Other Facts<\/a><\/div>\n<\/div>\n<\/div><\/div>\n<\/div>\n<\/div>\n<\/div>\n\n\n\n<div class=\"wp-block-group tabbed-sections__sections has-global-padding is-layout-constrained wp-container-core-group-is-layout-19e250f3 wp-block-group-is-layout-constrained\">\n<div class=\"wp-block-group tabbed-sections__section has-global-padding is-layout-constrained wp-container-core-group-is-layout-7554870c wp-block-group-is-layout-constrained\" style=\"padding-top:0;padding-right:var(--wp--preset--spacing--30);padding-bottom:var(--wp--preset--spacing--40);padding-left:var(--wp--preset--spacing--30)\">\n<p class=\"has-normal-big-font-size\">Santa Clara was given its name from the Mission Santa Clara de Asis, one of the many missions that the Spanish created during their rule in California. Although the mission was founded in 1777, the city was not officially incorporated until 1852, about two years after California received statehood. The city is part of the San Jose metropolitan area which is contiguous with the San Francisco metropolitan area, making Santa Clara a component of one of the most heavily populated areas in the United States.<\/p>\n<\/div>\n\n\n\n<div class=\"wp-block-group tabbed-sections__section has-global-padding is-layout-constrained wp-container-core-group-is-layout-7554870c wp-block-group-is-layout-constrained\" style=\"padding-top:0;padding-right:var(--wp--preset--spacing--30);padding-bottom:var(--wp--preset--spacing--40);padding-left:var(--wp--preset--spacing--30)\">\n<p class=\"has-normal-big-font-size\">Santa Clara is located in the center of the Silicon Valley, northwest of San Jose, and 50 minutes southeast of San Francisco. The city is a past winner of the National Civic League&#8217;s coveted &#8220;All-America City Award&#8221;. In addition, the community is home to five Fortune 1000 business headquarters. Headquarters and practice facility for the San Francisco 49ers.&nbsp; Other nearby professional sports team includes NHL\u2019s San Jos\u00e9 Sharks, MLB\u2019s San Francisco Giants, and NBA\u2019s Golden State Warriors<\/p>\n<\/div>\n\n\n\n<div class=\"wp-block-group tabbed-sections__section has-global-padding is-layout-constrained wp-container-core-group-is-layout-7554870c wp-block-group-is-layout-constrained\" style=\"padding-top:0;padding-right:var(--wp--preset--spacing--30);padding-bottom:var(--wp--preset--spacing--40);padding-left:var(--wp--preset--spacing--30)\">\n<p class=\"has-normal-big-font-size\">The Santa Clara Swim Club, with more athletes inducted into the International Swimming Hall of Fame than any club in the world, has developed 46 Olympians, 34 of them medalists. They have earned 51 Olympic gold medals, 17 Olympic silver medals and 11 Olympic bronze medals. These Olympians include Mark Spitz, Pablo Morales, Claudia Kolb, Don Schollander, Keena Rothhammer, Tom Wilkens and many more outstanding swimmers<\/p>\n<\/div>\n\n\n\n<div class=\"wp-block-group tabbed-sections__section has-global-padding is-layout-constrained wp-container-core-group-is-layout-7554870c wp-block-group-is-layout-constrained\" style=\"padding-top:0;padding-right:var(--wp--preset--spacing--30);padding-bottom:var(--wp--preset--spacing--40);padding-left:var(--wp--preset--spacing--30)\">\n<p class=\"has-normal-big-font-size\">What historians believe was the &#8220;first true road&#8221; in California, The Alameda between Santa Clara and San Jose, was designated by the White House Millennium Council as one of the 50 Community Millennium Trails in California.<\/p>\n<\/div>\n<\/div>\n<\/div>\n\n\n<div style=\"--responsive-spacer--desktop:8rem;--responsive-spacer--tablet:8rem;--responsive-spacer--mobile:4rem;\" class=\"wp-block-madden-theme-responsive-spacer\"><\/div>\n\n\n<div class=\"wp-block-group alignfull has-global-padding is-layout-constrained wp-block-group-is-layout-constrained\" style=\"padding-top:0;padding-bottom:0\">\n<div class=\"wp-block-group alignfull has-global-padding is-layout-constrained wp-block-group-is-layout-constrained\" style=\"margin-top:0;margin-bottom:0;padding-top:0;padding-bottom:0\">\n<div class=\"wp-block-group alignfull is-style-clipped-1 has-gold-background-color has-background has-global-padding is-layout-constrained wp-block-group-is-layout-constrained\" style=\"margin-top:0;margin-bottom:0;padding-top:var(--wp--preset--spacing--40);padding-bottom:var(--wp--preset--spacing--40)\">\n<div class=\"wp-block-group has-blue-color has-text-color has-link-color aligncenter-small wp-elements-4471d2c32c0b2b280bc337b37e18613d has-global-padding is-content-justification-right is-layout-constrained wp-container-core-group-is-layout-2fcce532 wp-block-group-is-layout-constrained\" style=\"padding-top:var(--wp--preset--spacing--40);padding-bottom:var(--wp--preset--spacing--60)\">\n<h2 class=\"wp-block-heading has-text-align-center center-on-mobile has-blue-color has-text-color has-link-color wp-elements-dcff89efff76a5a1ef3e29bc332732d6\">Gi\u1ea3i th\u01b0\u1edfng<\/h2>\n\n\n\n<div class=\"wp-block-group has-normal-big-font-size has-global-padding is-layout-constrained wp-container-core-group-is-layout-bea02a06 wp-block-group-is-layout-constrained\">\n<p class=\"has-text-align-center\"><strong>S\u1edf T\u00e0i ch\u00ednh Th\u00e0nh ph\u1ed1 Santa Clara \u0111\u01b0\u1ee3c c\u00f4ng nh\u1eadn v\u1edbi Gi\u1ea3i th\u01b0\u1edfng Tr\u00ecnh b\u00e0y Ng\u00e2n s\u00e1ch Xu\u1ea5t s\u1eafc:<\/strong>&nbsp;The award represents a significant achievement by the entity. It reflects the commitment of the governing body and staff to meeting the highest principles of governmental budgeting. In order to receive the budget award, the entity had to satisfy nationally recognized guidelines for effective budget presentation. These guidelines are designed to assess how well an entity&#8217;s budget serves as:&nbsp;a policy document, a financial plan, an operations guide, a communications device.<\/p>\n\n\n\n<p class=\"has-text-align-center\"><strong>Silicon Valley Power \u0111\u01b0\u1ee3c c\u00f4ng nh\u1eadn l\u00e0 Nh\u00e0 cung c\u1ea5p n\u0103ng l\u01b0\u1ee3ng th\u00f4ng minh:<\/strong>Silicon Valley Power \u0111\u00e3 \u0111\u01b0\u1ee3c Hi\u1ec7p h\u1ed9i \u0110i\u1ec7n l\u1ef1c C\u00f4ng c\u1ed9ng Hoa K\u1ef3 (APPA) trao t\u1eb7ng danh hi\u1ec7u Nh\u00e0 cung c\u1ea5p N\u0103ng l\u01b0\u1ee3ng Th\u00f4ng minh (SEP) v\u00ec \u0111\u00e3 ch\u1ee9ng minh \u0111\u01b0\u1ee3c cam k\u1ebft v\u00e0 tr\u00ecnh \u0111\u1ed9 chuy\u00ean m\u00f4n trong c\u00e1c s\u00e1ng ki\u1ebfn v\u1ec1 hi\u1ec7u qu\u1ea3 n\u0103ng l\u01b0\u1ee3ng, ph\u00e2n ph\u1ed1i \u0111i\u1ec7n v\u00e0 m\u00f4i tr\u01b0\u1eddng nh\u1eb1m h\u1ed7 tr\u1ee3 m\u1ee5c ti\u00eau cung c\u1ea5p d\u1ecbch v\u1ee5 \u0111i\u1ec7n an to\u00e0n, \u0111\u00e1ng tin c\u1eady, chi ph\u00ed th\u1ea5p v\u00e0 b\u1ec1n v\u1eefng.<\/p>\n\n\n\n<p class=\"has-text-align-center\"><strong>Gi\u1ea3i th\u01b0\u1edfng D\u1ef1 \u00e1n c\u1ee7a n\u0103m 2021 c\u1ee7a Hi\u1ec7p h\u1ed9i C\u00f4ng tr\u00ecnh C\u00f4ng c\u1ed9ng Hoa K\u1ef3 cho h\u1ea1ng m\u1ee5c M\u00f4i tr\u01b0\u1eddng\/C\u00f4ng vi\u00ean:<\/strong>The Reed &amp; Grant Sports Park Project was awarded with the Project of the Year Award for the Environment\/Parks (&gt;$25M) Category from the American Public Works Association Silicon Valley Chapter.<\/p>\n\n\n\n<p class=\"has-text-align-center\"><strong>Gi\u1ea3i th\u01b0\u1edfng n\u0103m 2021 cho S\u1ef1 xu\u1ea5t s\u1eafc trong Th\u1ef1c h\u00e0nh C\u00f4ng ngh\u1ec7 th\u00f4ng tin t\u1eeb Hi\u1ec7p h\u1ed9i H\u1ec7 th\u1ed1ng th\u00f4ng tin th\u00e0nh ph\u1ed1 California (MISAC):<\/strong>Gi\u1ea3i th\u01b0\u1edfng MISAC ghi nh\u1eadn Th\u00e0nh ph\u1ed1 \u0111\u00e3 tri\u1ec3n khai c\u00e1c ho\u1ea1t \u0111\u1ed9ng c\u00f4ng ngh\u1ec7 th\u00f4ng tin xu\u1ea5t s\u1eafc trong vi\u1ec7c s\u1eed d\u1ee5ng s\u00e1ng t\u1ea1o v\u00e0 hi\u1ec7u qu\u1ea3 c\u00e1c ngu\u1ed3n l\u1ef1c c\u1ee7a ch\u00ednh quy\u1ec1n \u0111\u1ecba ph\u01b0\u01a1ng. Gi\u1ea3i th\u01b0\u1edfng n\u00e0y bi\u1ec3u th\u1ecb r\u1eb1ng Th\u00e0nh ph\u1ed1 \u0111\u00e3 \u0111\u00e1p \u1ee9ng ho\u1eb7c v\u01b0\u1ee3t qu\u00e1 c\u00e1c ti\u00eau chu\u1ea9n MISAC trong c\u00e1c l\u0129nh v\u1ef1c t\u1eadp trung v\u00e0o c\u00f4ng ngh\u1ec7 l\u00e0 Ng\u00e2n s\u00e1ch v\u00e0 L\u1eadp k\u1ebf ho\u1ea1ch chi\u1ebfn l\u01b0\u1ee3c, Mua s\u1eafm, Ho\u1ea1t \u0111\u1ed9ng v\u00e0 Nh\u00e2n s\u1ef1, S\u1ef1 h\u00e0i l\u00f2ng c\u1ee7a kh\u00e1ch h\u00e0ng, Internet, Qu\u1ea3n l\u00fd d\u1ef1 \u00e1n, Ph\u00e1t tri\u1ec3n v\u00e0 \u0110\u00e0o t\u1ea1o chuy\u00ean m\u00f4n, Chu\u1ea9n b\u1ecb v\u00e0 Ph\u1ee5c h\u1ed3i sau th\u1ea3m h\u1ecda, Ch\u00ednh s\u00e1ch v\u00e0 Th\u1ee7 t\u1ee5c, An ninh v\u00e0 GIS.<\/p>\n<\/div>\n<\/div>\n<\/div>\n<\/div>\n<\/div>\n\n\n<div style=\"--responsive-spacer--desktop:5rem;--responsive-spacer--tablet:5rem;--responsive-spacer--mobile:3rem;\" class=\"wp-block-madden-theme-responsive-spacer\"><\/div>","protected":false},"excerpt":{"rendered":"<p>Fun Facts Thinking big and looking forward has always been a part of what makes Santa Clara unique.&nbsp; Discover some fun facts about Santa Clara&#8217;s history Santa Clara was given its name from the Mission Santa Clara de Asis, one of the many missions that the Spanish created during their rule in California. Although the [&hellip;]<\/p>\n","protected":false},"author":1,"featured_media":0,"parent":1507,"menu_order":2,"comment_status":"closed","ping_status":"closed","template":"","meta":{"_acf_changed":false,"footnotes":""},"class_list":["post-30","page","type-page","status-publish","hentry"],"acf":[],"content_card":null,"_links":{"self":[{"href":"https:\/\/www.discoversantaclara.org\/vi\/wp-json\/wp\/v2\/pages\/30","targetHints":{"allow":["GET"]}}],"collection":[{"href":"https:\/\/www.discoversantaclara.org\/vi\/wp-json\/wp\/v2\/pages"}],"about":[{"href":"https:\/\/www.discoversantaclara.org\/vi\/wp-json\/wp\/v2\/types\/page"}],"author":[{"embeddable":true,"href":"https:\/\/www.discoversantaclara.org\/vi\/wp-json\/wp\/v2\/users\/1"}],"replies":[{"embeddable":true,"href":"https:\/\/www.discoversantaclara.org\/vi\/wp-json\/wp\/v2\/comments?post=30"}],"version-history":[{"count":10,"href":"https:\/\/www.discoversantaclara.org\/vi\/wp-json\/wp\/v2\/pages\/30\/revisions"}],"predecessor-version":[{"id":57399,"href":"https:\/\/www.discoversantaclara.org\/vi\/wp-json\/wp\/v2\/pages\/30\/revisions\/57399"}],"up":[{"embeddable":true,"href":"https:\/\/www.discoversantaclara.org\/vi\/wp-json\/wp\/v2\/pages\/1507"}],"wp:attachment":[{"href":"https:\/\/www.discoversantaclara.org\/vi\/wp-json\/wp\/v2\/media?parent=30"}],"curies":[{"name":"wp","href":"https:\/\/api.w.org\/{rel}","templated":true}]}}