{"id":28647,"date":"2024-11-22T17:36:06","date_gmt":"2024-11-23T01:36:06","guid":{"rendered":"https:\/\/www.discoversantaclara.org\/?page_id=28647"},"modified":"2025-09-04T12:59:11","modified_gmt":"2025-09-04T19:59:11","slug":"event-spaces","status":"publish","type":"page","link":"https:\/\/www.discoversantaclara.org\/vi\/groups-meetings\/event-spaces\/","title":{"rendered":"Kh\u00f4ng gian s\u1ef1 ki\u1ec7n"},"content":{"rendered":"<div class=\"wp-block-cover alignfull hero-slider\"><span aria-hidden=\"true\" class=\"wp-block-cover__background has-black-background-color has-background-dim-20 has-background-dim\"><\/span><img loading=\"lazy\" decoding=\"async\" width=\"1920\" height=\"1280\" src=\"https:\/\/www.discoversantaclara.org\/wp-content\/uploads\/2025\/01\/event-spaces.jpg\" class=\"wp-block-cover__image-background wp-post-image\" alt=\"Event Space in Santa Clara\" data-object-fit=\"cover\" title=\"\"><div class=\"wp-block-cover__inner-container is-layout-flow wp-block-cover-is-layout-flow\">\n<div class=\"wp-block-group alignfull hero-slider__content is-vertical is-content-justification-center is-layout-flex wp-container-core-group-is-layout-7f11c10a wp-block-group-is-layout-flex\" style=\"padding-right:var(--wp--preset--spacing--30);padding-left:var(--wp--preset--spacing--30)\">\n<div class=\"wp-block-group hero-slider__title is-content-justification-center is-nowrap is-layout-flex wp-container-core-group-is-layout-23441af8 wp-block-group-is-layout-flex\">\n<h1 class=\"wp-block-heading has-text-align-center has-white-color has-text-color has-link-color wp-elements-2cfa62f16ad70af0c30145aee515463f\" style=\"font-size:clamp(1.976rem, 1.976rem + ((1vw - 0.2rem) * 2.247), 3.5rem);\">Santa Clara<br>Trung t\u00e2m h\u1ed9i ngh\u1ecb<br>Kh\u00f4ng gian s\u1ef1 ki\u1ec7n<\/h1>\n<\/div>\n<\/div>\n<\/div><\/div>\n\n\n\n<div class=\"wp-block-group has-global-padding is-layout-constrained wp-block-group-is-layout-constrained\" style=\"padding-top:var(--wp--preset--spacing--40);padding-bottom:0\">\n<div class=\"wp-block-group aligncenter-small has-global-padding is-layout-constrained wp-block-group-is-layout-constrained\">\n<h2 class=\"wp-block-heading center-on-mobile\">Nh\u1eefng \u00fd t\u01b0\u1edfng l\u1edbn c\u1ea7n \u0111\u1ecba \u0111i\u1ec3m t\u1ed1t h\u01a1n<\/h2>\n\n\n\n<p class=\"center-on-mobile has-normal-big-font-size\">V\u1edbi h\u01a1n 300.000 feet vu\u00f4ng kh\u00f4ng gian s\u1ef1 ki\u1ec7n, Trung t\u00e2m H\u1ed9i ngh\u1ecb Santa Clara kh\u00f4ng g\u00ec kh\u00e1c ngo\u00e0i s\u1ef1 n\u0103ng \u0111\u1ed9ng. Ngo\u00e0i t\u00ednh linh ho\u1ea1t tuy\u1ec7t \u0111\u1ed1i, s\u1ef1 \u0111a d\u1ea1ng v\u1ec1 ch\u1ed7 \u1edf c\u00f3 s\u1eb5n khi b\u1ea1n k\u1ebft h\u1ee3p v\u00e0 \u0111\u00e1p \u1ee9ng nhu c\u1ea7u s\u1ef1 ki\u1ec7n c\u1ee7a m\u00ecnh khi\u1ebfn trung t\u00e2m tr\u1edf th\u00e0nh \u0111i\u1ec3m \u0111\u1ebfn h\u1ecdp m\u1eb7t to\u00e0n di\u1ec7n. B\u00e2y gi\u1edd, \u0111\u00e3 \u0111\u1ebfn l\u00fac bi\u1ebfn n\u00f3 th\u00e0nh c\u1ee7a b\u1ea1n.<\/p>\n\n\n\n<div class=\"wp-block-buttons aligncenter-small is-layout-flex wp-block-buttons-is-layout-flex\" style=\"margin-top:var(--wp--preset--spacing--40)\">\n<div class=\"wp-block-button\"><a class=\"wp-block-button__link wp-element-button\" href=\"https:\/\/www.discoversantaclara.org\/vi\/rfp\/\">N\u1ed9p RFP<\/a><\/div>\n\n\n\n<div class=\"wp-block-button is-style-walkthrough\"><a class=\"wp-block-button__link wp-element-button\" href=\"https:\/\/truetour.app\/properties\/2651\/experiences\/99188\" target=\"_blank\" rel=\"noopener\">Take a look Around<\/a><\/div>\n<\/div>\n<\/div>\n<\/div>\n\n\n<div style=\"--responsive-spacer--desktop:4.75rem;--responsive-spacer--tablet:4.75rem;--responsive-spacer--mobile:4rem;\" class=\"wp-block-madden-theme-responsive-spacer\"><\/div>\n\n\n<div class=\"wp-block-group has-global-padding is-layout-constrained wp-block-group-is-layout-constrained\" style=\"padding-top:0;padding-bottom:0\">\n<div class=\"wp-block-group aligncenter-small has-global-padding is-layout-constrained wp-block-group-is-layout-constrained\">\n<h2 class=\"wp-block-heading has-text-align-center center-on-mobile\">T\u1ed4NG QUAN V\u1ec0 KH\u00d4NG GIAN S\u1ef0 KI\u1ec6N<\/h2>\n\n\n\n<p class=\"has-text-align-center\">T\u1ea5t c\u1ea3 c\u00e1c c\u01a1 s\u1edf \u0111\u1ec1u n\u1eb1m t\u1ea1i 5001 Great America Pkwy<br>Vui l\u00f2ng g\u1ecdi 408.748.7000 \u0111\u1ec3 xem ri\u00eang<\/p>\n\n\n\n<div class=\"wp-block-group custom-card-grid has-blue-background-color has-background is-layout-grid wp-container-core-group-is-layout-fab2aa05 wp-block-group-is-layout-grid\" style=\"padding-top:var(--wp--preset--spacing--50);padding-right:var(--wp--preset--spacing--50);padding-bottom:var(--wp--preset--spacing--50);padding-left:var(--wp--preset--spacing--50)\">\n<div class=\"wp-block-group custom-card is-vertical is-content-justification-stretch is-layout-flex wp-container-core-group-is-layout-69c550ab wp-block-group-is-layout-flex\">\n<figure class=\"wp-block-image size-full\"><img loading=\"lazy\" decoding=\"async\" width=\"1024\" height=\"683\" src=\"https:\/\/www.discoversantaclara.org\/wp-content\/uploads\/2025\/01\/IMG_5803.jpg\" alt=\"A vibrant swing ride with a colorful canopy spins high above an amusement park, while a blue roller coaster track winds in the background in Santa Clara, California.\" class=\"wp-image-40994\" style=\"aspect-ratio:16\/9;object-fit:cover\" title=\"\"><figcaption class=\"wp-element-caption\">4 ph\u00f2ng tri\u1ec3n l\u00e3m<\/figcaption><\/figure>\n\n\n\n<div class=\"wp-block-group has-white-background-color has-background has-small-font-size has-global-padding is-layout-constrained wp-container-core-group-is-layout-7167fb60 wp-block-group-is-layout-constrained\" style=\"padding-top:var(--wp--preset--spacing--20);padding-right:var(--wp--preset--spacing--30);padding-bottom:var(--wp--preset--spacing--30);padding-left:var(--wp--preset--spacing--30)\">\n<h3 class=\"wp-block-heading has-body-font-family has-normal-font-size\" style=\"letter-spacing:0px\">Ph\u00f2ng tri\u1ec3n l\u00e3m<\/h3>\n\n\n\n<p class=\"has-text-align-left\">C\u00e1c H\u1ed9i tr\u01b0\u1eddng Tri\u1ec3n l\u00e3m c\u1ee7a ch\u00fang t\u00f4i \u0111\u00e3 t\u1ed5 ch\u1ee9c m\u1ed9t s\u1ed1 H\u1ed9i ngh\u1ecb v\u00e0 Tri\u1ec3n l\u00e3m th\u00e0nh c\u00f4ng nh\u1ea5t t\u1ea1i Thung l\u0169ng Silicon. Cho d\u00f9 b\u1ea1n c\u1ea7n m\u1ed9t H\u1ed9i tr\u01b0\u1eddng Tri\u1ec3n l\u00e3m hay c\u1ea3 4, c\u01a1 s\u1edf c\u1ee7a ch\u00fang t\u00f4i \u0111\u1ec1u cung c\u1ea5p c\u00e1c t\u00f9y ch\u1ecdn cho ph\u00e9p\u2026<\/p>\n\n\n\n<div class=\"wp-block-buttons is-layout-flex wp-block-buttons-is-layout-flex\">\n<div class=\"wp-block-button is-style-walkthrough\"><a class=\"wp-block-button__link has-small-font-size has-custom-font-size wp-element-button\" href=\"https:\/\/truetour.app\/properties\/2651\/experiences\/101971\" style=\"border-width:2px;padding-top:var(--wp--preset--spacing--20);padding-right:var(--wp--preset--spacing--30);padding-bottom:var(--wp--preset--spacing--20);padding-left:var(--wp--preset--spacing--30)\" target=\"_blank\" rel=\"noopener\">See More<\/a><\/div>\n<\/div>\n<\/div>\n<\/div>\n\n\n\n<div class=\"wp-block-group custom-card is-vertical is-content-justification-stretch is-layout-flex wp-container-core-group-is-layout-69c550ab wp-block-group-is-layout-flex\">\n<figure class=\"wp-block-image size-full\"><img loading=\"lazy\" decoding=\"async\" width=\"1024\" height=\"456\" src=\"https:\/\/www.discoversantaclara.org\/wp-content\/uploads\/2025\/01\/IMG_5668-Pano.jpg\" alt=\"A large conference room filled with attendees seated in rows of chairs, facing a stage with multiple screens displaying a presentation in Santa Clara, California.\" class=\"wp-image-41007\" style=\"aspect-ratio:16\/9;object-fit:cover\" title=\"\"><figcaption class=\"wp-element-caption\">22.398 feet vu\u00f4ng<\/figcaption><\/figure>\n\n\n\n<div class=\"wp-block-group has-white-background-color has-background has-small-font-size has-global-padding is-layout-constrained wp-container-core-group-is-layout-7167fb60 wp-block-group-is-layout-constrained\" style=\"padding-top:var(--wp--preset--spacing--20);padding-right:var(--wp--preset--spacing--30);padding-bottom:var(--wp--preset--spacing--30);padding-left:var(--wp--preset--spacing--30)\">\n<h3 class=\"wp-block-heading has-text-align-left has-body-font-family has-normal-font-size\" style=\"letter-spacing:0px\">Ph\u00f2ng khi\u00eau v\u0169 Mission City<\/h3>\n\n\n\n<p class=\"has-text-align-left\">Kh\u00f4ng gian sang tr\u1ecdng nh\u1ea5t c\u1ee7a ch\u00fang t\u00f4i tr\u1ea3i d\u00e0i t\u1ed5ng c\u1ed9ng 22.398 feet vu\u00f4ng. \u0110\u01b0\u1ee3c trang b\u1ecb 3 ph\u00f2ng h\u1ecdp v\u00e0 t\u00f9y ch\u1ecdn 5 khu v\u1ef1c ph\u00f2ng khi\u00eau v\u0169, Mission City Ballroom l\u00e0 n\u01a1i t\u1ed1t nh\u1ea5t v\u00e0 s\u00e1ng s\u1ee7a nh\u1ea5t c\u1ee7a ch\u00fang t\u00f4i.<\/p>\n\n\n\n<div class=\"wp-block-buttons is-layout-flex wp-block-buttons-is-layout-flex\">\n<div class=\"wp-block-button is-style-walkthrough\"><a class=\"wp-block-button__link has-small-font-size has-custom-font-size wp-element-button\" href=\"https:\/\/truetour.app\/properties\/2651\/experiences\/103010\" style=\"border-width:2px;padding-top:var(--wp--preset--spacing--20);padding-right:var(--wp--preset--spacing--30);padding-bottom:var(--wp--preset--spacing--20);padding-left:var(--wp--preset--spacing--30)\" target=\"_blank\" rel=\"noopener\">See More<\/a><\/div>\n<\/div>\n<\/div>\n<\/div>\n\n\n\n<div class=\"wp-block-group custom-card is-vertical is-content-justification-stretch is-layout-flex wp-container-core-group-is-layout-69c550ab wp-block-group-is-layout-flex\">\n<figure class=\"wp-block-image size-full\"><img loading=\"lazy\" decoding=\"async\" width=\"800\" height=\"456\" src=\"https:\/\/www.discoversantaclara.org\/wp-content\/uploads\/2025\/01\/IMG_5849-Pano.jpg\" alt=\"A beautifully ornate carousel with a tall, pointed roof and colorful decorations stands in the center of a park, surrounded by palm trees and a fountain in Santa Clara, California.\" class=\"wp-image-41158\" style=\"aspect-ratio:16\/9;object-fit:cover\" title=\"\"><figcaption class=\"wp-element-caption\">5.040 FT VU\u00d4NG ++<\/figcaption><\/figure>\n\n\n\n<div class=\"wp-block-group has-white-background-color has-background has-small-font-size has-global-padding is-layout-constrained wp-container-core-group-is-layout-7167fb60 wp-block-group-is-layout-constrained\" style=\"padding-top:var(--wp--preset--spacing--20);padding-right:var(--wp--preset--spacing--30);padding-bottom:var(--wp--preset--spacing--30);padding-left:var(--wp--preset--spacing--30)\">\n<h3 class=\"wp-block-heading has-text-align-left has-body-font-family has-normal-font-size\" style=\"letter-spacing:0px\">Ph\u00f2ng khi\u00eau v\u0169 l\u1edbn<\/h3>\n\n\n\n<p class=\"has-text-align-left\">T\u1ecda l\u1ea1c t\u1ea1i v\u1ecb tr\u00ed thu\u1eadn ti\u1ec7n g\u1ea7n S\u1ea3nh SCCC v\u00e0 Hyatt Regency, kh\u00f4ng gian n\u00e0y c\u00f3 th\u1ec3 \u0111\u01b0\u1ee3c t\u00f9y ch\u1ec9nh th\u00e0nh ph\u00f2ng khi\u00eau v\u0169 l\u1edbn ho\u1eb7c ph\u00f2ng h\u1ecdp nh\u1ecf h\u01a1n.<\/p>\n\n\n\n<div class=\"wp-block-buttons is-layout-flex wp-block-buttons-is-layout-flex\">\n<div class=\"wp-block-button is-style-walkthrough\"><a class=\"wp-block-button__link has-small-font-size has-custom-font-size wp-element-button\" href=\"https:\/\/truetour.app\/properties\/2651\/experiences\/103012\" style=\"border-width:2px;padding-top:var(--wp--preset--spacing--20);padding-right:var(--wp--preset--spacing--30);padding-bottom:var(--wp--preset--spacing--20);padding-left:var(--wp--preset--spacing--30)\" target=\"_blank\" rel=\"noopener\">See More<\/a><\/div>\n<\/div>\n<\/div>\n<\/div>\n\n\n\n<div class=\"wp-block-group custom-card is-vertical is-content-justification-stretch is-layout-flex wp-container-core-group-is-layout-69c550ab wp-block-group-is-layout-flex\">\n<figure class=\"wp-block-image size-full\"><img loading=\"lazy\" decoding=\"async\" width=\"1920\" height=\"668\" src=\"https:\/\/www.discoversantaclara.org\/wp-content\/uploads\/2025\/01\/GreatAmericaBallroom-scaled.jpg\" alt=\"A spacious conference room with rows of green chairs facing a stage and podium, illuminated by overhead lights in Santa Clara, California.\" class=\"wp-image-41078\" style=\"aspect-ratio:16\/9;object-fit:cover\" title=\"\"><figcaption class=\"wp-element-caption\">Di\u1ec7n t\u00edch 6.264 ft vu\u00f4ng<\/figcaption><\/figure>\n\n\n\n<div class=\"wp-block-group has-white-background-color has-background has-small-font-size has-global-padding is-layout-constrained wp-container-core-group-is-layout-7167fb60 wp-block-group-is-layout-constrained\" style=\"padding-top:var(--wp--preset--spacing--20);padding-right:var(--wp--preset--spacing--30);padding-bottom:var(--wp--preset--spacing--30);padding-left:var(--wp--preset--spacing--30)\">\n<h3 class=\"wp-block-heading has-text-align-left has-body-font-family has-normal-font-size\" style=\"letter-spacing:0px\">Ph\u00f2ng khi\u00eau v\u0169 Great America<\/h3>\n\n\n\n<p>Conveniently located near Exhibit Halls B, C &amp; D on the first floor. Can be utilized as one large space or divided by 2 separate sections.The attached lobby makes an ideal breakout location.<\/p>\n\n\n\n<div class=\"wp-block-buttons is-layout-flex wp-block-buttons-is-layout-flex\">\n<div class=\"wp-block-button is-style-walkthrough\"><a class=\"wp-block-button__link has-small-font-size has-custom-font-size wp-element-button\" href=\"https:\/\/truetour.app\/properties\/2651\/experiences\/103013\" style=\"border-width:2px;padding-top:var(--wp--preset--spacing--20);padding-right:var(--wp--preset--spacing--30);padding-bottom:var(--wp--preset--spacing--20);padding-left:var(--wp--preset--spacing--30)\" target=\"_blank\" rel=\"noopener\">See More<\/a><\/div>\n<\/div>\n<\/div>\n<\/div>\n\n\n\n<div class=\"wp-block-group custom-card is-vertical is-content-justification-stretch is-layout-flex wp-container-core-group-is-layout-69c550ab wp-block-group-is-layout-flex\">\n<figure class=\"wp-block-image size-full\"><img loading=\"lazy\" decoding=\"async\" width=\"1024\" height=\"683\" src=\"https:\/\/www.discoversantaclara.org\/wp-content\/uploads\/2025\/01\/IMG_3299-1.jpg\" alt=\"A sunny day at a modern transit hub with palm trees and a clear blue sky in Santa Clara, California.\" class=\"wp-image-41940\" style=\"aspect-ratio:16\/9;object-fit:cover\" title=\"\"><figcaption class=\"wp-element-caption\">16.271 FT vu\u00f4ng \u2013 15 ph\u00f2ng<\/figcaption><\/figure>\n\n\n\n<div class=\"wp-block-group has-white-background-color has-background has-small-font-size has-global-padding is-layout-constrained wp-container-core-group-is-layout-7167fb60 wp-block-group-is-layout-constrained\" style=\"padding-top:var(--wp--preset--spacing--20);padding-right:var(--wp--preset--spacing--30);padding-bottom:var(--wp--preset--spacing--30);padding-left:var(--wp--preset--spacing--30)\">\n<h3 class=\"wp-block-heading has-text-align-left has-body-font-family has-normal-font-size\" style=\"letter-spacing:0px\">Ph\u00f2ng h\u1ecdp<\/h3>\n\n\n\n<p class=\"has-text-align-left\">Ph\u00f2ng h\u1ecdp \u0111a d\u1ea1ng c\u1ee7a ch\u00fang t\u00f4i c\u00f3 s\u1ee9c ch\u1ee9a 40 \u2013 500 kh\u00e1ch. C\u00e1c t\u00ednh n\u0103ng \u0111\u1eb7c bi\u1ec7t bao g\u1ed3m s\u00e2n hi\u00ean ngo\u00e0i tr\u1eddi, d\u1ec5 d\u00e0ng ti\u1ebfp c\u1eadn b\u00e3i \u0111\u1eadu xe v\u00e0 t\u1ea7m nh\u00ecn \u0111\u1eb9p.<\/p>\n\n\n\n<div class=\"wp-block-buttons is-layout-flex wp-block-buttons-is-layout-flex\">\n<div class=\"wp-block-button popup ttx-preview\"><a class=\"wp-block-button__link has-small-font-size has-custom-font-size wp-element-button\" href=\"https:\/\/truetour.app\/properties\/2651\/experiences\/101973\" style=\"border-width:2px;padding-top:var(--wp--preset--spacing--20);padding-right:var(--wp--preset--spacing--20);padding-bottom:var(--wp--preset--spacing--20);padding-left:var(--wp--preset--spacing--20)\" target=\"_blank\" rel=\"noopener\">See More<\/a><\/div>\n<\/div>\n<\/div>\n<\/div>\n\n\n\n<div class=\"wp-block-group custom-card is-vertical is-content-justification-stretch is-layout-flex wp-container-core-group-is-layout-69c550ab wp-block-group-is-layout-flex\">\n<figure class=\"wp-block-image size-full\"><img loading=\"lazy\" decoding=\"async\" width=\"706\" height=\"350\" src=\"https:\/\/www.discoversantaclara.org\/wp-content\/uploads\/2025\/01\/Image-3.jpg\" alt=\"An empty theater with a stage, blue carpeted stairs, and rows of seats in Santa Clara, California.\" class=\"wp-image-32988\" style=\"aspect-ratio:16\/9;object-fit:cover\" title=\"\"><figcaption class=\"wp-element-caption\">R\u1ea1p chi\u1ebfu phim 607 ch\u1ed7 ng\u1ed3i<\/figcaption><\/figure>\n\n\n\n<div class=\"wp-block-group has-white-background-color has-background has-small-font-size has-global-padding is-layout-constrained wp-container-core-group-is-layout-7167fb60 wp-block-group-is-layout-constrained\" style=\"padding-top:var(--wp--preset--spacing--20);padding-right:var(--wp--preset--spacing--30);padding-bottom:var(--wp--preset--spacing--30);padding-left:var(--wp--preset--spacing--30)\">\n<h3 class=\"wp-block-heading has-text-align-left has-body-font-family has-normal-font-size\" style=\"letter-spacing:0px\">Nh\u00e0 h\u00e1t Betty Hangs<\/h3>\n\n\n\n<p class=\"has-text-align-left\">\u0110\u01b0\u1ee3c trang b\u1ecb nhi\u1ec1u ph\u00f2ng thay \u0111\u1ed3, ph\u00f2ng xanh, h\u1ec7 th\u1ed1ng chi\u1ebfu s\u00e1ng v\u00e0 \u00e2m thanh trong nh\u00e0. C\u00f3 th\u1ec3 thu\u00ea c\u1ea3 ng\u00e0y ho\u1eb7c n\u1eeda ng\u00e0y.<\/p>\n\n\n\n<div class=\"wp-block-buttons is-layout-flex wp-block-buttons-is-layout-flex\">\n<div class=\"wp-block-button is-style-walkthrough\"><a class=\"wp-block-button__link has-small-font-size has-custom-font-size wp-element-button\" href=\"https:\/\/truetour.app\/properties\/2651\/media\/185335?utm_campaign=single_asset_share&amp;utm_bucket=asset%2Cchannel&amp;utm_property=2651&amp;utm_media_item=185335\" style=\"border-width:2px;padding-top:var(--wp--preset--spacing--20);padding-right:var(--wp--preset--spacing--30);padding-bottom:var(--wp--preset--spacing--20);padding-left:var(--wp--preset--spacing--30)\" target=\"_blank\" rel=\"noopener\">See More<\/a><\/div>\n<\/div>\n<\/div>\n<\/div>\n<\/div>\n<\/div>\n<\/div>\n\n\n<div style=\"--responsive-spacer--desktop:9rem;--responsive-spacer--tablet:9rem;--responsive-spacer--mobile:3rem;\" class=\"wp-block-madden-theme-responsive-spacer\"><\/div>\n\n\n<div class=\"wp-block-group alignfull map-with-legend has-global-padding is-layout-constrained wp-block-group-is-layout-constrained\" style=\"padding-top:0;padding-bottom:0\">\n<div class=\"wp-block-group alignfull cta-visitor-guide has-global-padding is-layout-constrained wp-block-group-is-layout-constrained\" style=\"margin-top:0;margin-bottom:0;padding-top:0;padding-bottom:0\">\n<div class=\"wp-block-group alignfull is-style-clipped-1 has-gold-background-color has-background has-global-padding is-layout-constrained wp-block-group-is-layout-constrained\" style=\"margin-top:0;margin-bottom:0;padding-top:var(--wp--preset--spacing--40);padding-bottom:var(--wp--preset--spacing--40)\">\n<div class=\"wp-block-group has-blue-color has-text-color has-link-color aligncenter-small wp-elements-4917730a289160ad085dbc5a7d1131b5 has-global-padding is-content-justification-right is-layout-constrained wp-container-core-group-is-layout-2fcce532 wp-block-group-is-layout-constrained\" style=\"padding-top:var(--wp--preset--spacing--40);padding-bottom:var(--wp--preset--spacing--60)\">\n<h2 class=\"wp-block-heading has-text-align-center center-on-mobile has-blue-color has-text-color has-link-color wp-elements-81a42409a2ece61837db475fdf484436\">M\u1eb7t b\u1eb1ng t\u1ea7ng<\/h2>\n\n\n\n<div class=\"wp-block-buttons is-content-justification-center is-layout-flex wp-container-core-buttons-is-layout-a89b3969 wp-block-buttons-is-layout-flex\">\n<div class=\"wp-block-button\"><a class=\"wp-block-button__link has-blue-color has-text-color has-link-color has-text-align-center wp-element-button\" href=\"https:\/\/www.discoversantaclara.org\/wp-content\/uploads\/2024\/12\/SCCC_Floor_Plans.pdf\" target=\"_blank\" rel=\"noreferrer noopener\">T\u1ea2I V\u1ec0 PDF \u0110\u1ea6Y \u0110\u1ee6<\/a><\/div>\n<\/div>\n\n\n<div style=\"--responsive-spacer--desktop:7rem;--responsive-spacer--tablet:7rem;--responsive-spacer--mobile:3.5rem;\" class=\"wp-block-madden-theme-responsive-spacer\"><\/div><\/div>\n<\/div>\n<\/div>\n\n\n\n<figure class=\"wp-block-image aligncenter size-full\" style=\"margin-top:-170px\"><img loading=\"lazy\" decoding=\"async\" width=\"1920\" height=\"1484\" src=\"https:\/\/www.discoversantaclara.org\/wp-content\/uploads\/2025\/01\/SCCC_Floor_Plan.jpg\" alt=\"A person skillfully uses chopsticks to pick up a colorful serving of ramen noodles from a beautifully decorated bowl in Santa Clara, California.\" class=\"wp-image-40830\" style=\"object-fit:cover\" title=\"\"><\/figure>\n<\/div>","protected":false},"excerpt":{"rendered":"<p>Big Ideas Need Better Venues With over 300,000 sq. ft. of event space, the Santa Clara Convention Center is nothing short of dynamic. Beyond its sheer versatility, the variety of accommodations available as you mix and match your event needs make the center an all-encompassing meeting destination. Now, it\u2019s time to make it yours. EVENT [&hellip;]<\/p>\n","protected":false},"author":1,"featured_media":40812,"parent":1505,"menu_order":0,"comment_status":"closed","ping_status":"closed","template":"","meta":{"_acf_changed":false,"footnotes":""},"class_list":["post-28647","page","type-page","status-publish","has-post-thumbnail","hentry"],"acf":[],"content_card":null,"_links":{"self":[{"href":"https:\/\/www.discoversantaclara.org\/vi\/wp-json\/wp\/v2\/pages\/28647","targetHints":{"allow":["GET"]}}],"collection":[{"href":"https:\/\/www.discoversantaclara.org\/vi\/wp-json\/wp\/v2\/pages"}],"about":[{"href":"https:\/\/www.discoversantaclara.org\/vi\/wp-json\/wp\/v2\/types\/page"}],"author":[{"embeddable":true,"href":"https:\/\/www.discoversantaclara.org\/vi\/wp-json\/wp\/v2\/users\/1"}],"replies":[{"embeddable":true,"href":"https:\/\/www.discoversantaclara.org\/vi\/wp-json\/wp\/v2\/comments?post=28647"}],"version-history":[{"count":75,"href":"https:\/\/www.discoversantaclara.org\/vi\/wp-json\/wp\/v2\/pages\/28647\/revisions"}],"predecessor-version":[{"id":54754,"href":"https:\/\/www.discoversantaclara.org\/vi\/wp-json\/wp\/v2\/pages\/28647\/revisions\/54754"}],"up":[{"embeddable":true,"href":"https:\/\/www.discoversantaclara.org\/vi\/wp-json\/wp\/v2\/pages\/1505"}],"wp:featuredmedia":[{"embeddable":true,"href":"https:\/\/www.discoversantaclara.org\/vi\/wp-json\/wp\/v2\/media\/40812"}],"wp:attachment":[{"href":"https:\/\/www.discoversantaclara.org\/vi\/wp-json\/wp\/v2\/media?parent=28647"}],"curies":[{"name":"wp","href":"https:\/\/api.w.org\/{rel}","templated":true}]}}