{"id":28971,"date":"2024-11-26T12:15:03","date_gmt":"2024-11-26T20:15:03","guid":{"rendered":"https:\/\/www.discoversantaclara.org\/?page_id=28971"},"modified":"2025-06-30T09:58:16","modified_gmt":"2025-06-30T16:58:16","slug":"history","status":"publish","type":"page","link":"https:\/\/www.discoversantaclara.org\/pt\/history\/","title":{"rendered":"Hist\u00f3ria"},"content":{"rendered":"<div class=\"wp-block-cover alignfull is-light hero-slider\"><span aria-hidden=\"true\" class=\"wp-block-cover__background has-background-dim-10 has-background-dim\" style=\"background-color:#524736\"><\/span><img loading=\"lazy\" decoding=\"async\" width=\"1600\" height=\"1067\" src=\"https:\/\/www.discoversantaclara.org\/wp-content\/uploads\/2024\/12\/mission-top-things-to-do-santa-clara.jpg\" class=\"wp-block-cover__image-background wp-post-image\" alt=\"The Santa Clara Mission, a top attraction in Santa Clara.\" data-object-fit=\"cover\" data-object-position=\"55% 56%\" style=\"object-position:55% 56%;\" title=\"\"><div class=\"wp-block-cover__inner-container is-layout-flow wp-block-cover-is-layout-flow\">\n<div class=\"wp-block-group alignfull hero-slider__content is-vertical is-content-justification-center is-layout-flex wp-container-core-group-is-layout-7f11c10a wp-block-group-is-layout-flex\" style=\"padding-right:var(--wp--preset--spacing--30);padding-left:var(--wp--preset--spacing--30)\">\n<div class=\"wp-block-group hero-slider__title is-content-justification-center is-nowrap is-layout-flex wp-container-core-group-is-layout-23441af8 wp-block-group-is-layout-flex\">\n<h1 class=\"wp-block-heading has-text-align-center has-white-color has-text-color has-link-color has-xxlarge-font-size wp-elements-97988b42d919a22d0cb23b3146c3fda7\">Hist\u00f3ria da cidade<\/h1>\n<\/div>\n<\/div>\n<\/div><\/div>\n\n\n<div style=\"--responsive-spacer--desktop:4rem;--responsive-spacer--tablet:4rem;--responsive-spacer--mobile:3rem;\" class=\"wp-block-madden-theme-responsive-spacer\"><\/div>\n\n<div class=\"kb-row-layout-wrap kb-row-layout-id28971_2d4737-ed alignnone wp-block-kadence-rowlayout\"><div class=\"kt-row-column-wrap kt-has-2-columns kt-row-layout-equal kt-tab-layout-inherit kt-mobile-layout-row kt-row-valign-top\">\n\n<div class=\"wp-block-kadence-column kadence-column28971_35b152-01\"><div class=\"kt-inside-inner-col\">\n<div class=\"wp-block-group wp-container-content-69bc4bdf has-global-padding is-layout-constrained wp-container-core-group-is-layout-7db9d80f wp-block-group-is-layout-constrained\" style=\"padding-right:0;padding-left:0\">\n<h2 class=\"wp-block-heading center-on-mobile\">Uma hist\u00f3ria rica em inova\u00e7\u00e3o e comunidade:<br>Santa Clara, Calif\u00f3rnia<\/h2>\n\n\n\n<p class=\"center-on-mobile has-normal-big-font-size\">A hist\u00f3ria de Santa Clara \u00e9 uma tape\u00e7aria vibrante de inova\u00e7\u00e3o, cultura e resili\u00eancia, moldada por s\u00e9culos de transforma\u00e7\u00e3o. Desde as suas ra\u00edzes como col\u00f3nia mission\u00e1ria at\u00e9 ao seu estatuto moderno como pot\u00eancia de Silicon Valley, a hist\u00f3ria de Santa Clara \u00e9 t\u00e3o din\u00e2mica como a sua comunidade.<\/p>\n\n\n\n<p>Muito antes da coloniza\u00e7\u00e3o europeia, o grupo Tamien do povo Ohlone vivia na regi\u00e3o atualmente conhecida como Santa Clara. As suas aldeias, incluindo a de Thamien - situada no que \u00e9 atualmente o local da Universidade de Santa Clara - prosperavam gra\u00e7as aos abundantes recursos naturais do vale. A chegada dos mission\u00e1rios espanh\u00f3is no final do s\u00e9culo XVIII, no entanto, trouxe mudan\u00e7as significativas.<\/p>\n<\/div>\n<\/div><\/div>\n\n\n\n<div class=\"wp-block-kadence-column kadence-column28971_b34ecb-02\"><div class=\"kt-inside-inner-col\">\n<div class=\"wp-block-group has-global-padding is-layout-constrained wp-block-group-is-layout-constrained\">\n<figure class=\"wp-block-image size-full is-style-wavy-right-bottom wp-container-content-69bc4bdf\"><img loading=\"lazy\" decoding=\"async\" width=\"760\" height=\"505\" src=\"https:\/\/www.discoversantaclara.org\/wp-content\/uploads\/2025\/01\/Santa-Clara-Mission-760x505-1.jpeg\" alt=\"A grand church interior with ornate ceiling, chandeliers, and rows of wooden pews leading to an altar in Santa Clara, California.\" class=\"wp-image-41463\" style=\"object-fit:cover\" title=\"\"><\/figure>\n<\/div>\n<\/div><\/div>\n\n<\/div><\/div>\n\n\n<div class=\"wp-block-kadence-column kadence-column28971_f3b55e-71\"><div class=\"kt-inside-inner-col\">\n<p class=\"wp-container-content-e29552f7\">A transi\u00e7\u00e3o de Santa Clara para uma povoa\u00e7\u00e3o europeia come\u00e7ou em 1777 com a cria\u00e7\u00e3o da <a href=\"\/pt\/place\/mission-santa-clara-de-asis\/\">Miss\u00e3o Santa Clara de As\u00eds<\/a>. As suas terras f\u00e9rteis atra\u00edram colonos e, em 1852, Santa Clara foi oficialmente incorporada como cidade. A \u00e1rea rapidamente ganhou a alcunha de \"Vale do Prazer do Cora\u00e7\u00e3o\" pelos seus pr\u00f3speros pomares e campos de vegetais, alimentados pelo solo rico e pelo clima ameno do vale. Durante este per\u00edodo, Santa Clara tornou-se um centro de produ\u00e7\u00e3o de frutas de alta qualidade, especialmente damascos, cerejas e ameixas secas, que eram enviadas para todo o pa\u00eds e para o estrangeiro. A abundante produ\u00e7\u00e3o agr\u00edcola da cidade n\u00e3o s\u00f3 apoiou a economia local, como tamb\u00e9m lan\u00e7ou as bases do seu sentido de comunidade e orgulho.<\/p>\n\n\n\n<p>H\u00e1 muito que a educa\u00e7\u00e3o desempenha um papel central na identidade de Santa Clara. Em 1851, o Santa Clara College foi fundado nos terrenos da miss\u00e3o, tornando-se a primeira institui\u00e7\u00e3o de ensino superior da Calif\u00f3rnia. Mais tarde, evoluiu para a Universidade de Santa Clara, uma prestigiada universidade jesu\u00edta que continua a combinar as suas ra\u00edzes hist\u00f3ricas com um compromisso para com a inova\u00e7\u00e3o e a excel\u00eancia acad\u00e9mica.<\/p>\n<\/div><\/div>\n\n\n<div class=\"kb-row-layout-wrap kb-row-layout-id28971_f0b84a-97 alignnone wp-block-kadence-rowlayout\"><div class=\"kt-row-column-wrap kt-has-2-columns kt-row-layout-equal kt-tab-layout-inherit kt-mobile-layout-row kt-row-valign-top\">\n\n<div class=\"wp-block-kadence-column kadence-column28971_c2417f-bd\"><div class=\"kt-inside-inner-col\">\n<div class=\"wp-block-group has-global-padding is-layout-constrained wp-block-group-is-layout-constrained\">\n<figure class=\"wp-block-image size-full is-style-wavy-left-top\"><img loading=\"lazy\" decoding=\"async\" width=\"800\" height=\"600\" src=\"https:\/\/www.discoversantaclara.org\/wp-content\/uploads\/2025\/01\/14368385388_7a297ae84d_c-1.jpg\" alt=\"A serene statue of a contemplative figure sits atop a rock in the center of a circular stone fountain, surrounded by lush greenery and vibrant flowers in a tranquil park setting in Santa Clara, California.\" class=\"wp-image-36191\" style=\"aspect-ratio:3\/2;object-fit:cover\" title=\"\"><\/figure>\n<\/div>\n<\/div><\/div>\n\n\n\n<div class=\"wp-block-kadence-column kadence-column28971_8c4ab1-d3\"><div class=\"kt-inside-inner-col\">\n<div class=\"wp-block-group has-global-padding is-layout-constrained wp-block-group-is-layout-constrained\">\n<p>No final do s\u00e9culo XIX e in\u00edcio do s\u00e9culo XX, Santa Clara solidificou a sua reputa\u00e7\u00e3o como um pr\u00f3spero centro agr\u00edcola. No entanto, em meados do s\u00e9culo XX, a regi\u00e3o come\u00e7ou a transformar-se num centro global de tecnologia. Na d\u00e9cada de 1960, a ind\u00fastria de semicondutores floresceu, dando a Santa Clara um lugar no cora\u00e7\u00e3o do Vale do Sil\u00edcio. Empresas como a Intel escolheram Santa Clara como sua base de opera\u00e7\u00f5es, consolidando a reputa\u00e7\u00e3o da cidade como l\u00edder global em inova\u00e7\u00e3o tecnol\u00f3gica. Esta transforma\u00e7\u00e3o n\u00e3o s\u00f3 remodelou a economia local, como tamb\u00e9m atraiu uma popula\u00e7\u00e3o diversificada de vision\u00e1rios e pioneiros. O crescimento de Santa Clara foi alimentado em parte pela Silicon Valley Power (SVP), a empresa municipal de eletricidade da cidade. Fundada em 1896, a SVP tem sido fundamental no fornecimento de energia acess\u00edvel e fi\u00e1vel a residentes e empresas. Conhecida pelas suas iniciativas de sustentabilidade, a SVP tem apoiado o r\u00e1pido desenvolvimento da cidade, minimizando o impacto ambiental, exemplificando o compromisso de Santa Clara com o progresso e a inova\u00e7\u00e3o.<\/p>\n<\/div>\n<\/div><\/div>\n\n<\/div><\/div>\n\n\n<div class=\"wp-block-kadence-column kadence-column28971_e0835e-aa\"><div class=\"kt-inside-inner-col\">\n<p>Em 1976, foi inaugurado o California's Great America, oferecendo uma nova e din\u00e2mica op\u00e7\u00e3o de entretenimento em Santa Clara. O parque tem\u00e1tico tornou-se uma atra\u00e7\u00e3o regional com passeios emocionantes, espect\u00e1culos ao vivo e um parque aqu\u00e1tico, atraindo milh\u00f5es de visitantes e impulsionando o turismo local. A sua presen\u00e7a contribuiu para a atra\u00e7\u00e3o da cidade como destino para fam\u00edlias e visitantes, apoiando as empresas locais e melhorando a vida da comunidade.<\/p>\n\n\n\n<p>O desporto e o entretenimento tamb\u00e9m t\u00eam desempenhado um papel significativo na forma\u00e7\u00e3o da cultura e da identidade da cidade. O Levi's\u00ae Stadium, inaugurado em 2014, \u00e9 um marco do compromisso de Santa Clara com a excel\u00eancia no desporto e no entretenimento. Sendo a casa dos San Francisco 49ers, foi palco de grandes eventos, incluindo a Super Bowl 50 e o Campeonato Nacional dos Playoffs de Futebol Americano Universit\u00e1rio, atraindo visitantes de todo o mundo. Santa Clara \u00e9 tamb\u00e9m o lar de uma vibrante cena desportiva local, desde as ligas juvenis at\u00e9 ao atletismo universit\u00e1rio na Universidade de Santa Clara. Atletas como a estrela do basquetebol Steve Nash e a lenda do futebol Brandi Chastain t\u00eam liga\u00e7\u00f5es a Santa Clara, real\u00e7ando ainda mais as contribui\u00e7\u00f5es da cidade para a hist\u00f3ria do desporto.<\/p>\n<\/div><\/div>\n\n\n<div class=\"kb-row-layout-wrap kb-row-layout-id28971_28527d-5f alignnone wp-block-kadence-rowlayout\"><div class=\"kt-row-column-wrap kt-has-2-columns kt-row-layout-equal kt-tab-layout-inherit kt-mobile-layout-row kt-row-valign-top\">\n\n<div class=\"wp-block-kadence-column kadence-column28971_ce3475-fc\"><div class=\"kt-inside-inner-col\">\n<p class=\"center-on-mobile has-normal-big-font-size\">Apesar da sua moderniza\u00e7\u00e3o, Santa Clara mant\u00e9m um profundo respeito pelo seu passado. Marcos como a reconstru\u00edda Miss\u00e3o Santa Clara e estruturas de adobe preservadas oferecem vislumbres dos primeiros dias da cidade. Esses locais hist\u00f3ricos est\u00e3o ao lado de campus de tecnologia de ponta, simbolizando a mistura perfeita de tradi\u00e7\u00e3o e inova\u00e7\u00e3o que define Santa Clara.<\/p>\n\n\n\n<p class=\"center-on-mobile has-normal-big-font-size\">Atualmente, Santa Clara prospera como uma cidade din\u00e2mica que abra\u00e7a a sua rica heran\u00e7a enquanto olha para o futuro. Com seu esp\u00edrito pioneiro, a cidade continua a liderar em tecnologia, sustentabilidade, educa\u00e7\u00e3o e cultura. \u00c9 o lar de algumas das empresas mais proeminentes do mundo, incluindo a Intel, NVIDIA, Applied Materials e ServiceNow, que impulsionam a inova\u00e7\u00e3o e o crescimento econ\u00f3mico. Quer seja a explorar a sua miss\u00e3o hist\u00f3rica, a torcer no Levi's Stadium, a desfrutar do California's Great America ou a maravilhar-se com os avan\u00e7os do Silicon Valley, tanto os visitantes como os residentes s\u00e3o inspirados pela mistura \u00fanica de hist\u00f3ria e progresso de Santa Clara.<\/p>\n<\/div><\/div>\n\n\n\n<div class=\"wp-block-kadence-column kadence-column28971_717f0e-c6\"><div class=\"kt-inside-inner-col\">\n<figure class=\"wp-block-image size-large is-style-wavy-right-top\"><img loading=\"lazy\" decoding=\"async\" width=\"1024\" height=\"613\" src=\"https:\/\/www.discoversantaclara.org\/wp-content\/uploads\/2025\/01\/GreatAmericaHistory-1024x613.jpg\" alt=\"A bustling amusement park with a central carousel surrounded by lush greenery and a serene pond, filled with visitors enjoying the attractions in Santa Clara, California.\" class=\"wp-image-41456\" style=\"aspect-ratio:3\/2;object-fit:cover\" title=\"\"><\/figure>\n<\/div><\/div>\n\n<\/div><\/div>\n\n<div style=\"--responsive-spacer--desktop:4rem;--responsive-spacer--tablet:4rem;--responsive-spacer--mobile:3rem;\" class=\"wp-block-madden-theme-responsive-spacer\"><\/div>\n\n\n<div class=\"wp-block-group image-left-content-right has-global-padding is-layout-constrained wp-block-group-is-layout-constrained\" style=\"padding-top:var(--wp--preset--spacing--50);padding-bottom:var(--wp--preset--spacing--50)\">\n<div class=\"wp-block-group image-left-content-right__wrapper has-aqua-light-background-color has-background has-global-padding is-layout-constrained wp-block-group-is-layout-constrained\">\n<div class=\"wp-block-columns is-layout-flex wp-container-core-columns-is-layout-59b338dc wp-block-columns-is-layout-flex\" style=\"padding-top:0;padding-right:0;padding-bottom:0;padding-left:0\">\n<div class=\"wp-block-column is-vertically-aligned-stretch image-left-content-right__image is-layout-flow wp-block-column-is-layout-flow\" style=\"padding-top:0;padding-bottom:0\">\n<figure class=\"wp-block-image size-full is-style-wavy-right-bottom\"><img loading=\"lazy\" decoding=\"async\" width=\"850\" height=\"478\" src=\"https:\/\/www.discoversantaclara.org\/wp-content\/uploads\/2025\/01\/central-park.jpg\" alt=\"A serene park pond with a fountain, surrounded by lush greenery, blooming flowers, and a flock of geese swimming peacefully in Santa Clara, California.\" class=\"wp-image-41454\" style=\"aspect-ratio:4\/3;object-fit:cover\" title=\"\"><\/figure>\n<\/div>\n\n\n\n<div class=\"wp-block-column is-vertically-aligned-stretch image-left-content-right__content is-layout-flow wp-block-column-is-layout-flow\" style=\"padding-top:var(--wp--preset--spacing--50);padding-right:0;padding-bottom:var(--wp--preset--spacing--50);padding-left:0\">\n<div class=\"wp-block-group has-global-padding is-layout-constrained wp-container-core-group-is-layout-97829e9f wp-block-group-is-layout-constrained\" style=\"padding-right:var(--wp--preset--spacing--40);padding-left:var(--wp--preset--spacing--40)\">\n<h2 class=\"wp-block-heading has-large-big-font-size\">Agradecimentos e cita\u00e7\u00f5es<\/h2>\n\n\n\n<div class=\"wp-block-group has-global-padding is-layout-constrained wp-container-core-group-is-layout-885f993d wp-block-group-is-layout-constrained\" style=\"border-left-color:var(--wp--preset--color--blue);border-left-width:10px;padding-left:var(--wp--preset--spacing--40)\">\n<p class=\"has-normal-big-font-size\">Agradecimentos especiais ao s\u00edtio Web da cidade de Santa Clara por fornecer recursos valiosos sobre a hist\u00f3ria e o desenvolvimento da cidade. As principais informa\u00e7\u00f5es sobre a Miss\u00e3o de Santa Clara, a Silicon Valley Power, o Est\u00e1dio Levi's e a incorpora\u00e7\u00e3o da cidade foram obtidas no s\u00edtio Web oficial de Santa Clara.<\/p>\n\n\n\n<p class=\"has-normal-big-font-size\">Os pormenores sobre o povo Ohlone foram obtidos a partir de recursos da Universidade de Santa Clara e da tribo Muwekma Ohlone. As informa\u00e7\u00f5es sobre o California's Great America foram obtidas atrav\u00e9s de registos p\u00fablicos e arquivos de parques tem\u00e1ticos.<\/p>\n<\/div>\n<\/div>\n<\/div>\n<\/div>\n<\/div>\n<\/div>\n\n\n<div style=\"--responsive-spacer--desktop:5rem;--responsive-spacer--tablet:5rem;--responsive-spacer--mobile:3rem;\" class=\"wp-block-madden-theme-responsive-spacer\"><\/div>\n\n\n<h2 class=\"wp-block-heading\">Pr\u00e9mios<\/h2>\n\n\n\n<p><strong>O Departamento de Finan\u00e7as da cidade de Santa Clara foi distinguido com o pr\u00e9mio \"Distinguished Budget Presentation Award\":<\/strong>&nbsp;O pr\u00e9mio representa um feito significativo para a entidade. Reflecte o empenho do \u00f3rg\u00e3o de gest\u00e3o e do pessoal em cumprir os princ\u00edpios mais elevados da or\u00e7amenta\u00e7\u00e3o governamental. Para receber o pr\u00e9mio or\u00e7amental, a entidade teve de satisfazer diretrizes reconhecidas a n\u00edvel nacional para uma apresenta\u00e7\u00e3o eficaz do or\u00e7amento. Estas diretrizes foram concebidas para avaliar at\u00e9 que ponto o or\u00e7amento de uma entidade funciona como um documento de pol\u00edtica, um plano financeiro, um guia de opera\u00e7\u00f5es e um dispositivo de comunica\u00e7\u00e3o.<\/p>\n\n\n\n<p><strong>A Silicon Valley Power \u00e9 reconhecida como um fornecedor de energia inteligente:<\/strong> A Silicon Valley Power recebeu a designa\u00e7\u00e3o de Smart Energy Provider (SEP) da American Public Power Association (APPA) por demonstrar um compromisso e profici\u00eancia em efici\u00eancia energ\u00e9tica, produ\u00e7\u00e3o distribu\u00edda e iniciativas ambientais que apoiam o objetivo de fornecer um servi\u00e7o el\u00e9trico seguro, fi\u00e1vel, de baixo custo e sustent\u00e1vel.<\/p>\n\n\n\n<p><strong>2021 Pr\u00e9mio Projeto do Ano da Associa\u00e7\u00e3o Americana de Obras P\u00fablicas para a categoria Ambiente\/Parques:<\/strong> O projeto do parque desportivo Reed &amp; Grant foi galardoado com o pr\u00e9mio \"Projeto do ano\" na categoria Ambiente\/Parques (&gt;$25M) pela American Public Works Association Silicon Valley Chapter.<\/p>\n\n\n\n<p><strong>Pr\u00e9mio 2021 de Excel\u00eancia em Pr\u00e1ticas de Tecnologias da Informa\u00e7\u00e3o da Associa\u00e7\u00e3o Municipal de Sistemas de Informa\u00e7\u00e3o da Calif\u00f3rnia (MISAC):<\/strong> O pr\u00e9mio MISAC reconhece a cidade por implementar pr\u00e1ticas de tecnologia da informa\u00e7\u00e3o que se destacam na utiliza\u00e7\u00e3o criativa e eficiente dos recursos da administra\u00e7\u00e3o local. O pr\u00e9mio significa que a cidade cumpriu ou excedeu as normas MISAC nas \u00e1reas tecnol\u00f3gicas de Or\u00e7amento e Planeamento Estrat\u00e9gico, Compras, Opera\u00e7\u00f5es e Pessoal, Satisfa\u00e7\u00e3o do Cliente, Internet, Gest\u00e3o de Projectos, Desenvolvimento e Forma\u00e7\u00e3o Profissional, Prepara\u00e7\u00e3o e Recupera\u00e7\u00e3o de Cat\u00e1strofes, Pol\u00edticas e Procedimentos, Seguran\u00e7a e SIG.<\/p>\n\n\n<div style=\"--responsive-spacer--desktop:5.5rem;--responsive-spacer--tablet:5.5rem;--responsive-spacer--mobile:2.5rem;\" class=\"wp-block-madden-theme-responsive-spacer\"><\/div>\n\n\n<h2 class=\"wp-block-heading has-text-align-center\"><strong>Linha do tempo hist\u00f3rica de Santa Clara<\/strong><\/h2>\n\n\n\n<div class=\"wp-block-group has-global-padding is-layout-constrained wp-block-group-is-layout-constrained\" style=\"padding-top:var(--wp--preset--spacing--40);padding-bottom:0\">\n<div class=\"wp-block-group aligncenter-small has-global-padding is-layout-constrained wp-block-group-is-layout-constrained\">\n<p><strong>Antes de 1769:<\/strong><br>O grupo Tamien do povo Ohlone prospera no Vale de Santa Clara, estabelecendo aldeias como Thamien e praticando uma vida sustent\u00e1vel atrav\u00e9s da ca\u00e7a, pesca e recolha.<\/p>\n\n\n\n<p><strong>1769:<\/strong><br>O explorador espanhol Jos\u00e9 Francisco Ortega torna-se o primeiro europeu a atravessar o Vale de Santa Clara.<\/p>\n\n\n\n<p><strong>1777:<\/strong><br>A Miss\u00e3o de Santa Clara de As\u00eds \u00e9 fundada por franciscanos espanh\u00f3is, marcando o in\u00edcio do povoamento europeu e da agricultura na regi\u00e3o.<\/p>\n\n\n\n<p><strong>1851:<\/strong><br>O Col\u00e9gio de Santa Clara (mais tarde Universidade de Santa Clara) \u00e9 fundado no local da Miss\u00e3o de Santa Clara, tornando-se a primeira institui\u00e7\u00e3o de ensino superior da Calif\u00f3rnia.<\/p>\n\n\n\n<p><strong>1852:<\/strong><br>A cidade de Santa Clara \u00e9 oficialmente constitu\u00edda, sendo a agricultura a espinha dorsal da sua economia.<\/p>\n\n\n\n<p><strong>Final do s\u00e9culo XIX:<\/strong><br>Santa Clara ganhou a alcunha de \"Vale das Del\u00edcias do Cora\u00e7\u00e3o\" devido aos seus pomares florescentes e \u00e0 produ\u00e7\u00e3o agr\u00edcola de frutos como damascos, cerejas e ameixas secas.<\/p>\n\n\n\n<p><strong>1896:<\/strong><br>\u00c9 criada a Silicon Valley Power (SVP), que fornece eletricidade fi\u00e1vel e acess\u00edvel a residentes e empresas.<\/p>\n\n\n\n<p><strong>Anos 1940-1950:<\/strong><br>A regi\u00e3o come\u00e7a a sua transi\u00e7\u00e3o da agricultura para a tecnologia, preparando o terreno para a ascens\u00e3o do Vale do Sil\u00edcio.<\/p>\n\n\n\n<p><strong>1960s:<\/strong><br>A ind\u00fastria dos semicondutores floresce, com empresas como a Intel a estabelecerem a sua sede em Santa Clara.<\/p>\n\n\n\n<p><strong>1976:<\/strong><br>Abertura do California's Great America, que se torna uma grande atra\u00e7\u00e3o para fam\u00edlias e visitantes e impulsiona o turismo local.<\/p>\n\n\n\n<p><strong>2014:<\/strong><br>O Levi's\u00ae Stadium \u00e9 inaugurado como a casa dos San Francisco 49ers, acolhendo eventos de classe mundial como a Super Bowl 50 e o Campeonato Nacional de Futebol Americano Universit\u00e1rio (College Football Playoff National Championship).<\/p>\n\n\n\n<p class=\"center-on-mobile has-normal-big-font-size\"><strong>Hoje:<\/strong><br>Santa Clara continua a ser l\u00edder em tecnologia, sustentabilidade e educa\u00e7\u00e3o, honrando ao mesmo tempo a sua rica hist\u00f3ria e patrim\u00f3nio cultural.<\/p>\n<\/div>\n<\/div>\n\n\n\n<p><\/p>","protected":false},"excerpt":{"rendered":"<p>A Rich History of Innovation and Community:Santa Clara, California Santa Clara\u2019s story is a vibrant tapestry of innovation, culture, and resilience, shaped by centuries of transformation. From its roots as a mission settlement to its modern status as a Silicon Valley powerhouse, Santa Clara\u2019s history is as dynamic as its community. Long before European settlement, [&hellip;]<\/p>\n","protected":false},"author":1,"featured_media":30944,"parent":0,"menu_order":0,"comment_status":"closed","ping_status":"closed","template":"","meta":{"_acf_changed":false,"footnotes":""},"class_list":["post-28971","page","type-page","status-publish","has-post-thumbnail","hentry"],"acf":[],"content_card":null,"_links":{"self":[{"href":"https:\/\/www.discoversantaclara.org\/pt\/wp-json\/wp\/v2\/pages\/28971","targetHints":{"allow":["GET"]}}],"collection":[{"href":"https:\/\/www.discoversantaclara.org\/pt\/wp-json\/wp\/v2\/pages"}],"about":[{"href":"https:\/\/www.discoversantaclara.org\/pt\/wp-json\/wp\/v2\/types\/page"}],"author":[{"embeddable":true,"href":"https:\/\/www.discoversantaclara.org\/pt\/wp-json\/wp\/v2\/users\/1"}],"replies":[{"embeddable":true,"href":"https:\/\/www.discoversantaclara.org\/pt\/wp-json\/wp\/v2\/comments?post=28971"}],"version-history":[{"count":39,"href":"https:\/\/www.discoversantaclara.org\/pt\/wp-json\/wp\/v2\/pages\/28971\/revisions"}],"predecessor-version":[{"id":53803,"href":"https:\/\/www.discoversantaclara.org\/pt\/wp-json\/wp\/v2\/pages\/28971\/revisions\/53803"}],"wp:featuredmedia":[{"embeddable":true,"href":"https:\/\/www.discoversantaclara.org\/pt\/wp-json\/wp\/v2\/media\/30944"}],"wp:attachment":[{"href":"https:\/\/www.discoversantaclara.org\/pt\/wp-json\/wp\/v2\/media?parent=28971"}],"curies":[{"name":"wp","href":"https:\/\/api.w.org\/{rel}","templated":true}]}}