{"id":28647,"date":"2024-11-22T17:36:06","date_gmt":"2024-11-23T01:36:06","guid":{"rendered":"https:\/\/www.discoversantaclara.org\/?page_id=28647"},"modified":"2025-09-04T12:59:11","modified_gmt":"2025-09-04T19:59:11","slug":"event-spaces","status":"publish","type":"page","link":"https:\/\/www.discoversantaclara.org\/pt\/groups-meetings\/event-spaces\/","title":{"rendered":"Espa\u00e7os para eventos"},"content":{"rendered":"<div class=\"wp-block-cover alignfull hero-slider\"><span aria-hidden=\"true\" class=\"wp-block-cover__background has-black-background-color has-background-dim-20 has-background-dim\"><\/span><img loading=\"lazy\" decoding=\"async\" width=\"1920\" height=\"1280\" src=\"https:\/\/www.discoversantaclara.org\/wp-content\/uploads\/2025\/01\/event-spaces.jpg\" class=\"wp-block-cover__image-background wp-post-image\" alt=\"Event Space in Santa Clara\" data-object-fit=\"cover\" title=\"\"><div class=\"wp-block-cover__inner-container is-layout-flow wp-block-cover-is-layout-flow\">\n<div class=\"wp-block-group alignfull hero-slider__content is-vertical is-content-justification-center is-layout-flex wp-container-core-group-is-layout-7f11c10a wp-block-group-is-layout-flex\" style=\"padding-right:var(--wp--preset--spacing--30);padding-left:var(--wp--preset--spacing--30)\">\n<div class=\"wp-block-group hero-slider__title is-content-justification-center is-nowrap is-layout-flex wp-container-core-group-is-layout-23441af8 wp-block-group-is-layout-flex\">\n<h1 class=\"wp-block-heading has-text-align-center has-white-color has-text-color has-link-color wp-elements-2cfa62f16ad70af0c30145aee515463f\" style=\"font-size:clamp(1.976rem, 1.976rem + ((1vw - 0.2rem) * 2.247), 3.5rem);\">Santa Clara<br>Centro de Conven\u00e7\u00f5es<br>Espa\u00e7os para eventos<\/h1>\n<\/div>\n<\/div>\n<\/div><\/div>\n\n\n\n<div class=\"wp-block-group has-global-padding is-layout-constrained wp-block-group-is-layout-constrained\" style=\"padding-top:var(--wp--preset--spacing--40);padding-bottom:0\">\n<div class=\"wp-block-group aligncenter-small has-global-padding is-layout-constrained wp-block-group-is-layout-constrained\">\n<h2 class=\"wp-block-heading center-on-mobile\">As grandes ideias precisam de melhores locais<\/h2>\n\n\n\n<p class=\"center-on-mobile has-normal-big-font-size\">Com mais de 300.000 p\u00e9s quadrados de espa\u00e7o para eventos, o Centro de Conven\u00e7\u00f5es de Santa Clara \u00e9 nada menos que din\u00e2mico. Para al\u00e9m da sua versatilidade, a variedade de alojamentos dispon\u00edveis \u00e0 medida que se misturam e combinam as necessidades do seu evento fazem do centro um destino de reuni\u00f5es abrangente. Agora, est\u00e1 na altura de o tornar seu.<\/p>\n\n\n\n<div class=\"wp-block-buttons aligncenter-small is-layout-flex wp-block-buttons-is-layout-flex\" style=\"margin-top:var(--wp--preset--spacing--40)\">\n<div class=\"wp-block-button\"><a class=\"wp-block-button__link wp-element-button\" href=\"https:\/\/www.discoversantaclara.org\/pt\/rfp\/\">Apresentar RFP<\/a><\/div>\n\n\n\n<div class=\"wp-block-button is-style-walkthrough\"><a class=\"wp-block-button__link wp-element-button\" href=\"https:\/\/truetour.app\/properties\/2651\/experiences\/99188\" target=\"_blank\" rel=\"noopener\">Take a look Around<\/a><\/div>\n<\/div>\n<\/div>\n<\/div>\n\n\n<div style=\"--responsive-spacer--desktop:4.75rem;--responsive-spacer--tablet:4.75rem;--responsive-spacer--mobile:4rem;\" class=\"wp-block-madden-theme-responsive-spacer\"><\/div>\n\n\n<div class=\"wp-block-group has-global-padding is-layout-constrained wp-block-group-is-layout-constrained\" style=\"padding-top:0;padding-bottom:0\">\n<div class=\"wp-block-group aligncenter-small has-global-padding is-layout-constrained wp-block-group-is-layout-constrained\">\n<h2 class=\"wp-block-heading has-text-align-center center-on-mobile\">ESPA\u00c7O PARA EVENTOS EM RESUMO<\/h2>\n\n\n\n<p class=\"has-text-align-center\">Todas as instala\u00e7\u00f5es est\u00e3o localizadas em 5001 Great America Pkwy<br>Ligue para 408.748.7000 para uma visita privada<\/p>\n\n\n\n<div class=\"wp-block-group custom-card-grid has-blue-background-color has-background is-layout-grid wp-container-core-group-is-layout-fab2aa05 wp-block-group-is-layout-grid\" style=\"padding-top:var(--wp--preset--spacing--50);padding-right:var(--wp--preset--spacing--50);padding-bottom:var(--wp--preset--spacing--50);padding-left:var(--wp--preset--spacing--50)\">\n<div class=\"wp-block-group custom-card is-vertical is-content-justification-stretch is-layout-flex wp-container-core-group-is-layout-69c550ab wp-block-group-is-layout-flex\">\n<figure class=\"wp-block-image size-full\"><img loading=\"lazy\" decoding=\"async\" width=\"1024\" height=\"683\" src=\"https:\/\/www.discoversantaclara.org\/wp-content\/uploads\/2025\/01\/IMG_5803.jpg\" alt=\"A vibrant swing ride with a colorful canopy spins high above an amusement park, while a blue roller coaster track winds in the background in Santa Clara, California.\" class=\"wp-image-40994\" style=\"aspect-ratio:16\/9;object-fit:cover\" title=\"\"><figcaption class=\"wp-element-caption\">4 salas de exposi\u00e7\u00e3o<\/figcaption><\/figure>\n\n\n\n<div class=\"wp-block-group has-white-background-color has-background has-small-font-size has-global-padding is-layout-constrained wp-container-core-group-is-layout-7167fb60 wp-block-group-is-layout-constrained\" style=\"padding-top:var(--wp--preset--spacing--20);padding-right:var(--wp--preset--spacing--30);padding-bottom:var(--wp--preset--spacing--30);padding-left:var(--wp--preset--spacing--30)\">\n<h3 class=\"wp-block-heading has-body-font-family has-normal-font-size\" style=\"letter-spacing:0px\">Salas de exposi\u00e7\u00e3o<\/h3>\n\n\n\n<p class=\"has-text-align-left\">As nossas salas de exposi\u00e7\u00e3o acolheram algumas das conven\u00e7\u00f5es e exposi\u00e7\u00f5es mais bem sucedidas do Vale do Sil\u00edcio. Quer necessite de uma Sala de Exposi\u00e7\u00f5es ou de todas as 4, as nossas instala\u00e7\u00f5es oferecem op\u00e7\u00f5es que permitir\u00e3o...<\/p>\n\n\n\n<div class=\"wp-block-buttons is-layout-flex wp-block-buttons-is-layout-flex\">\n<div class=\"wp-block-button is-style-walkthrough\"><a class=\"wp-block-button__link has-small-font-size has-custom-font-size wp-element-button\" href=\"https:\/\/truetour.app\/properties\/2651\/experiences\/101971\" style=\"border-width:2px;padding-top:var(--wp--preset--spacing--20);padding-right:var(--wp--preset--spacing--30);padding-bottom:var(--wp--preset--spacing--20);padding-left:var(--wp--preset--spacing--30)\" target=\"_blank\" rel=\"noopener\">See More<\/a><\/div>\n<\/div>\n<\/div>\n<\/div>\n\n\n\n<div class=\"wp-block-group custom-card is-vertical is-content-justification-stretch is-layout-flex wp-container-core-group-is-layout-69c550ab wp-block-group-is-layout-flex\">\n<figure class=\"wp-block-image size-full\"><img loading=\"lazy\" decoding=\"async\" width=\"1024\" height=\"456\" src=\"https:\/\/www.discoversantaclara.org\/wp-content\/uploads\/2025\/01\/IMG_5668-Pano.jpg\" alt=\"A large conference room filled with attendees seated in rows of chairs, facing a stage with multiple screens displaying a presentation in Santa Clara, California.\" class=\"wp-image-41007\" style=\"aspect-ratio:16\/9;object-fit:cover\" title=\"\"><figcaption class=\"wp-element-caption\">22.398 p\u00e9s quadrados<\/figcaption><\/figure>\n\n\n\n<div class=\"wp-block-group has-white-background-color has-background has-small-font-size has-global-padding is-layout-constrained wp-container-core-group-is-layout-7167fb60 wp-block-group-is-layout-constrained\" style=\"padding-top:var(--wp--preset--spacing--20);padding-right:var(--wp--preset--spacing--30);padding-bottom:var(--wp--preset--spacing--30);padding-left:var(--wp--preset--spacing--30)\">\n<h3 class=\"wp-block-heading has-text-align-left has-body-font-family has-normal-font-size\" style=\"letter-spacing:0px\">Sal\u00e3o de baile de Mission City<\/h3>\n\n\n\n<p class=\"has-text-align-left\">O nosso espa\u00e7o mais importante estende-se por um total de 22.398 p\u00e9s quadrados. Equipado com 3 salas de reuni\u00f5es e uma op\u00e7\u00e3o de 5 sec\u00e7\u00f5es de sal\u00e3o de baile, o Mission City Ballroom \u00e9 o nosso melhor e mais brilhante.<\/p>\n\n\n\n<div class=\"wp-block-buttons is-layout-flex wp-block-buttons-is-layout-flex\">\n<div class=\"wp-block-button is-style-walkthrough\"><a class=\"wp-block-button__link has-small-font-size has-custom-font-size wp-element-button\" href=\"https:\/\/truetour.app\/properties\/2651\/experiences\/103010\" style=\"border-width:2px;padding-top:var(--wp--preset--spacing--20);padding-right:var(--wp--preset--spacing--30);padding-bottom:var(--wp--preset--spacing--20);padding-left:var(--wp--preset--spacing--30)\" target=\"_blank\" rel=\"noopener\">See More<\/a><\/div>\n<\/div>\n<\/div>\n<\/div>\n\n\n\n<div class=\"wp-block-group custom-card is-vertical is-content-justification-stretch is-layout-flex wp-container-core-group-is-layout-69c550ab wp-block-group-is-layout-flex\">\n<figure class=\"wp-block-image size-full\"><img loading=\"lazy\" decoding=\"async\" width=\"800\" height=\"456\" src=\"https:\/\/www.discoversantaclara.org\/wp-content\/uploads\/2025\/01\/IMG_5849-Pano.jpg\" alt=\"A beautifully ornate carousel with a tall, pointed roof and colorful decorations stands in the center of a park, surrounded by palm trees and a fountain in Santa Clara, California.\" class=\"wp-image-41158\" style=\"aspect-ratio:16\/9;object-fit:cover\" title=\"\"><figcaption class=\"wp-element-caption\">5,040 SQ FT ++<\/figcaption><\/figure>\n\n\n\n<div class=\"wp-block-group has-white-background-color has-background has-small-font-size has-global-padding is-layout-constrained wp-container-core-group-is-layout-7167fb60 wp-block-group-is-layout-constrained\" style=\"padding-top:var(--wp--preset--spacing--20);padding-right:var(--wp--preset--spacing--30);padding-bottom:var(--wp--preset--spacing--30);padding-left:var(--wp--preset--spacing--30)\">\n<h3 class=\"wp-block-heading has-text-align-left has-body-font-family has-normal-font-size\" style=\"letter-spacing:0px\">Grande sal\u00e3o de baile<\/h3>\n\n\n\n<p class=\"has-text-align-left\">Convenientemente localizado no \u00e1trio da SCCC e no Hyatt Regency, este espa\u00e7o pode ser personalizado num grande sal\u00e3o de baile ou em salas de reuni\u00f5es mais pequenas.<\/p>\n\n\n\n<div class=\"wp-block-buttons is-layout-flex wp-block-buttons-is-layout-flex\">\n<div class=\"wp-block-button is-style-walkthrough\"><a class=\"wp-block-button__link has-small-font-size has-custom-font-size wp-element-button\" href=\"https:\/\/truetour.app\/properties\/2651\/experiences\/103012\" style=\"border-width:2px;padding-top:var(--wp--preset--spacing--20);padding-right:var(--wp--preset--spacing--30);padding-bottom:var(--wp--preset--spacing--20);padding-left:var(--wp--preset--spacing--30)\" target=\"_blank\" rel=\"noopener\">See More<\/a><\/div>\n<\/div>\n<\/div>\n<\/div>\n\n\n\n<div class=\"wp-block-group custom-card is-vertical is-content-justification-stretch is-layout-flex wp-container-core-group-is-layout-69c550ab wp-block-group-is-layout-flex\">\n<figure class=\"wp-block-image size-full\"><img loading=\"lazy\" decoding=\"async\" width=\"1920\" height=\"668\" src=\"https:\/\/www.discoversantaclara.org\/wp-content\/uploads\/2025\/01\/GreatAmericaBallroom-scaled.jpg\" alt=\"A spacious conference room with rows of green chairs facing a stage and podium, illuminated by overhead lights in Santa Clara, California.\" class=\"wp-image-41078\" style=\"aspect-ratio:16\/9;object-fit:cover\" title=\"\"><figcaption class=\"wp-element-caption\">6,264 SQ FT<\/figcaption><\/figure>\n\n\n\n<div class=\"wp-block-group has-white-background-color has-background has-small-font-size has-global-padding is-layout-constrained wp-container-core-group-is-layout-7167fb60 wp-block-group-is-layout-constrained\" style=\"padding-top:var(--wp--preset--spacing--20);padding-right:var(--wp--preset--spacing--30);padding-bottom:var(--wp--preset--spacing--30);padding-left:var(--wp--preset--spacing--30)\">\n<h3 class=\"wp-block-heading has-text-align-left has-body-font-family has-normal-font-size\" style=\"letter-spacing:0px\">Sal\u00e3o de baile Great America<\/h3>\n\n\n\n<p>Conveniently located near Exhibit Halls B, C &amp; D on the first floor. Can be utilized as one large space or divided by 2 separate sections.The attached lobby makes an ideal breakout location.<\/p>\n\n\n\n<div class=\"wp-block-buttons is-layout-flex wp-block-buttons-is-layout-flex\">\n<div class=\"wp-block-button is-style-walkthrough\"><a class=\"wp-block-button__link has-small-font-size has-custom-font-size wp-element-button\" href=\"https:\/\/truetour.app\/properties\/2651\/experiences\/103013\" style=\"border-width:2px;padding-top:var(--wp--preset--spacing--20);padding-right:var(--wp--preset--spacing--30);padding-bottom:var(--wp--preset--spacing--20);padding-left:var(--wp--preset--spacing--30)\" target=\"_blank\" rel=\"noopener\">See More<\/a><\/div>\n<\/div>\n<\/div>\n<\/div>\n\n\n\n<div class=\"wp-block-group custom-card is-vertical is-content-justification-stretch is-layout-flex wp-container-core-group-is-layout-69c550ab wp-block-group-is-layout-flex\">\n<figure class=\"wp-block-image size-full\"><img loading=\"lazy\" decoding=\"async\" width=\"1024\" height=\"683\" src=\"https:\/\/www.discoversantaclara.org\/wp-content\/uploads\/2025\/01\/IMG_3299-1.jpg\" alt=\"A sunny day at a modern transit hub with palm trees and a clear blue sky in Santa Clara, California.\" class=\"wp-image-41940\" style=\"aspect-ratio:16\/9;object-fit:cover\" title=\"\"><figcaption class=\"wp-element-caption\">16,271 SQ FT - 15 Quartos<\/figcaption><\/figure>\n\n\n\n<div class=\"wp-block-group has-white-background-color has-background has-small-font-size has-global-padding is-layout-constrained wp-container-core-group-is-layout-7167fb60 wp-block-group-is-layout-constrained\" style=\"padding-top:var(--wp--preset--spacing--20);padding-right:var(--wp--preset--spacing--30);padding-bottom:var(--wp--preset--spacing--30);padding-left:var(--wp--preset--spacing--30)\">\n<h3 class=\"wp-block-heading has-text-align-left has-body-font-family has-normal-font-size\" style=\"letter-spacing:0px\">Salas de reuni\u00e3o<\/h3>\n\n\n\n<p class=\"has-text-align-left\">A nossa variedade de salas de reuni\u00f5es acomoda entre 40 e 500 convidados. As carater\u00edsticas especiais incluem p\u00e1tios exteriores, f\u00e1cil acesso a estruturas de estacionamento e vistas maravilhosas.<\/p>\n\n\n\n<div class=\"wp-block-buttons is-layout-flex wp-block-buttons-is-layout-flex\">\n<div class=\"wp-block-button popup ttx-preview\"><a class=\"wp-block-button__link has-small-font-size has-custom-font-size wp-element-button\" href=\"https:\/\/truetour.app\/properties\/2651\/experiences\/101973\" style=\"border-width:2px;padding-top:var(--wp--preset--spacing--20);padding-right:var(--wp--preset--spacing--20);padding-bottom:var(--wp--preset--spacing--20);padding-left:var(--wp--preset--spacing--20)\" target=\"_blank\" rel=\"noopener\">See More<\/a><\/div>\n<\/div>\n<\/div>\n<\/div>\n\n\n\n<div class=\"wp-block-group custom-card is-vertical is-content-justification-stretch is-layout-flex wp-container-core-group-is-layout-69c550ab wp-block-group-is-layout-flex\">\n<figure class=\"wp-block-image size-full\"><img loading=\"lazy\" decoding=\"async\" width=\"706\" height=\"350\" src=\"https:\/\/www.discoversantaclara.org\/wp-content\/uploads\/2025\/01\/Image-3.jpg\" alt=\"An empty theater with a stage, blue carpeted stairs, and rows of seats in Santa Clara, California.\" class=\"wp-image-32988\" style=\"aspect-ratio:16\/9;object-fit:cover\" title=\"\"><figcaption class=\"wp-element-caption\">Teatro com 607 lugares sentados<\/figcaption><\/figure>\n\n\n\n<div class=\"wp-block-group has-white-background-color has-background has-small-font-size has-global-padding is-layout-constrained wp-container-core-group-is-layout-7167fb60 wp-block-group-is-layout-constrained\" style=\"padding-top:var(--wp--preset--spacing--20);padding-right:var(--wp--preset--spacing--30);padding-bottom:var(--wp--preset--spacing--30);padding-left:var(--wp--preset--spacing--30)\">\n<h3 class=\"wp-block-heading has-text-align-left has-body-font-family has-normal-font-size\" style=\"letter-spacing:0px\">Betty Pendura Teatro<\/h3>\n\n\n\n<p class=\"has-text-align-left\">Equipado com v\u00e1rios camarins, uma sala verde, ilumina\u00e7\u00e3o e som. Dispon\u00edvel para aluguer de meio dia ou dia inteiro.<\/p>\n\n\n\n<div class=\"wp-block-buttons is-layout-flex wp-block-buttons-is-layout-flex\">\n<div class=\"wp-block-button is-style-walkthrough\"><a class=\"wp-block-button__link has-small-font-size has-custom-font-size wp-element-button\" href=\"https:\/\/truetour.app\/properties\/2651\/media\/185335?utm_campaign=single_asset_share&amp;utm_bucket=asset%2Cchannel&amp;utm_property=2651&amp;utm_media_item=185335\" style=\"border-width:2px;padding-top:var(--wp--preset--spacing--20);padding-right:var(--wp--preset--spacing--30);padding-bottom:var(--wp--preset--spacing--20);padding-left:var(--wp--preset--spacing--30)\" target=\"_blank\" rel=\"noopener\">See More<\/a><\/div>\n<\/div>\n<\/div>\n<\/div>\n<\/div>\n<\/div>\n<\/div>\n\n\n<div style=\"--responsive-spacer--desktop:9rem;--responsive-spacer--tablet:9rem;--responsive-spacer--mobile:3rem;\" class=\"wp-block-madden-theme-responsive-spacer\"><\/div>\n\n\n<div class=\"wp-block-group alignfull map-with-legend has-global-padding is-layout-constrained wp-block-group-is-layout-constrained\" style=\"padding-top:0;padding-bottom:0\">\n<div class=\"wp-block-group alignfull cta-visitor-guide has-global-padding is-layout-constrained wp-block-group-is-layout-constrained\" style=\"margin-top:0;margin-bottom:0;padding-top:0;padding-bottom:0\">\n<div class=\"wp-block-group alignfull is-style-clipped-1 has-gold-background-color has-background has-global-padding is-layout-constrained wp-block-group-is-layout-constrained\" style=\"margin-top:0;margin-bottom:0;padding-top:var(--wp--preset--spacing--40);padding-bottom:var(--wp--preset--spacing--40)\">\n<div class=\"wp-block-group has-blue-color has-text-color has-link-color aligncenter-small wp-elements-4917730a289160ad085dbc5a7d1131b5 has-global-padding is-content-justification-right is-layout-constrained wp-container-core-group-is-layout-2fcce532 wp-block-group-is-layout-constrained\" style=\"padding-top:var(--wp--preset--spacing--40);padding-bottom:var(--wp--preset--spacing--60)\">\n<h2 class=\"wp-block-heading has-text-align-center center-on-mobile has-blue-color has-text-color has-link-color wp-elements-81a42409a2ece61837db475fdf484436\">Plantas baixas<\/h2>\n\n\n\n<div class=\"wp-block-buttons is-content-justification-center is-layout-flex wp-container-core-buttons-is-layout-a89b3969 wp-block-buttons-is-layout-flex\">\n<div class=\"wp-block-button\"><a class=\"wp-block-button__link has-blue-color has-text-color has-link-color has-text-align-center wp-element-button\" href=\"https:\/\/www.discoversantaclara.org\/wp-content\/uploads\/2024\/12\/SCCC_Floor_Plans.pdf\" target=\"_blank\" rel=\"noreferrer noopener\">DESCARREGAR O PDF COMPLETO<\/a><\/div>\n<\/div>\n\n\n<div style=\"--responsive-spacer--desktop:7rem;--responsive-spacer--tablet:7rem;--responsive-spacer--mobile:3.5rem;\" class=\"wp-block-madden-theme-responsive-spacer\"><\/div><\/div>\n<\/div>\n<\/div>\n\n\n\n<figure class=\"wp-block-image aligncenter size-full\" style=\"margin-top:-170px\"><img loading=\"lazy\" decoding=\"async\" width=\"1920\" height=\"1484\" src=\"https:\/\/www.discoversantaclara.org\/wp-content\/uploads\/2025\/01\/SCCC_Floor_Plan.jpg\" alt=\"A person skillfully uses chopsticks to pick up a colorful serving of ramen noodles from a beautifully decorated bowl in Santa Clara, California.\" class=\"wp-image-40830\" style=\"object-fit:cover\" title=\"\"><\/figure>\n<\/div>","protected":false},"excerpt":{"rendered":"<p>Big Ideas Need Better Venues With over 300,000 sq. ft. of event space, the Santa Clara Convention Center is nothing short of dynamic. Beyond its sheer versatility, the variety of accommodations available as you mix and match your event needs make the center an all-encompassing meeting destination. Now, it\u2019s time to make it yours. EVENT [&hellip;]<\/p>\n","protected":false},"author":1,"featured_media":40812,"parent":1505,"menu_order":0,"comment_status":"closed","ping_status":"closed","template":"","meta":{"_acf_changed":false,"footnotes":""},"class_list":["post-28647","page","type-page","status-publish","has-post-thumbnail","hentry"],"acf":[],"content_card":null,"_links":{"self":[{"href":"https:\/\/www.discoversantaclara.org\/pt\/wp-json\/wp\/v2\/pages\/28647","targetHints":{"allow":["GET"]}}],"collection":[{"href":"https:\/\/www.discoversantaclara.org\/pt\/wp-json\/wp\/v2\/pages"}],"about":[{"href":"https:\/\/www.discoversantaclara.org\/pt\/wp-json\/wp\/v2\/types\/page"}],"author":[{"embeddable":true,"href":"https:\/\/www.discoversantaclara.org\/pt\/wp-json\/wp\/v2\/users\/1"}],"replies":[{"embeddable":true,"href":"https:\/\/www.discoversantaclara.org\/pt\/wp-json\/wp\/v2\/comments?post=28647"}],"version-history":[{"count":75,"href":"https:\/\/www.discoversantaclara.org\/pt\/wp-json\/wp\/v2\/pages\/28647\/revisions"}],"predecessor-version":[{"id":54754,"href":"https:\/\/www.discoversantaclara.org\/pt\/wp-json\/wp\/v2\/pages\/28647\/revisions\/54754"}],"up":[{"embeddable":true,"href":"https:\/\/www.discoversantaclara.org\/pt\/wp-json\/wp\/v2\/pages\/1505"}],"wp:featuredmedia":[{"embeddable":true,"href":"https:\/\/www.discoversantaclara.org\/pt\/wp-json\/wp\/v2\/media\/40812"}],"wp:attachment":[{"href":"https:\/\/www.discoversantaclara.org\/pt\/wp-json\/wp\/v2\/media?parent=28647"}],"curies":[{"name":"wp","href":"https:\/\/api.w.org\/{rel}","templated":true}]}}