{"id":28971,"date":"2024-11-26T12:15:03","date_gmt":"2024-11-26T20:15:03","guid":{"rendered":"https:\/\/www.discoversantaclara.org\/?page_id=28971"},"modified":"2025-06-30T09:58:16","modified_gmt":"2025-06-30T16:58:16","slug":"history","status":"publish","type":"page","link":"https:\/\/www.discoversantaclara.org\/es\/history\/","title":{"rendered":"Historia"},"content":{"rendered":"<div class=\"wp-block-cover alignfull is-light hero-slider\"><span aria-hidden=\"true\" class=\"wp-block-cover__background has-background-dim-10 has-background-dim\" style=\"background-color:#524736\"><\/span><img loading=\"lazy\" decoding=\"async\" width=\"1600\" height=\"1067\" src=\"https:\/\/www.discoversantaclara.org\/wp-content\/uploads\/2024\/12\/mission-top-things-to-do-santa-clara.jpg\" class=\"wp-block-cover__image-background wp-post-image\" alt=\"The Santa Clara Mission, a top attraction in Santa Clara.\" data-object-fit=\"cover\" data-object-position=\"55% 56%\" style=\"object-position:55% 56%;\" title=\"\"><div class=\"wp-block-cover__inner-container is-layout-flow wp-block-cover-is-layout-flow\">\n<div class=\"wp-block-group alignfull hero-slider__content is-vertical is-content-justification-center is-layout-flex wp-container-core-group-is-layout-7f11c10a wp-block-group-is-layout-flex\" style=\"padding-right:var(--wp--preset--spacing--30);padding-left:var(--wp--preset--spacing--30)\">\n<div class=\"wp-block-group hero-slider__title is-content-justification-center is-nowrap is-layout-flex wp-container-core-group-is-layout-23441af8 wp-block-group-is-layout-flex\">\n<h1 class=\"wp-block-heading has-text-align-center has-white-color has-text-color has-link-color has-xxlarge-font-size wp-elements-97988b42d919a22d0cb23b3146c3fda7\">Historia de la ciudad<\/h1>\n<\/div>\n<\/div>\n<\/div><\/div>\n\n\n<div style=\"--responsive-spacer--desktop:4rem;--responsive-spacer--tablet:4rem;--responsive-spacer--mobile:3rem;\" class=\"wp-block-madden-theme-responsive-spacer\"><\/div>\n\n<div class=\"kb-row-layout-wrap kb-row-layout-id28971_2d4737-ed alignnone wp-block-kadence-rowlayout\"><div class=\"kt-row-column-wrap kt-has-2-columns kt-row-layout-equal kt-tab-layout-inherit kt-mobile-layout-row kt-row-valign-top\">\n\n<div class=\"wp-block-kadence-column kadence-column28971_35b152-01\"><div class=\"kt-inside-inner-col\">\n<div class=\"wp-block-group wp-container-content-69bc4bdf has-global-padding is-layout-constrained wp-container-core-group-is-layout-7db9d80f wp-block-group-is-layout-constrained\" style=\"padding-right:0;padding-left:0\">\n<h2 class=\"wp-block-heading center-on-mobile\">Una rica historia de innovaci\u00f3n y comunidad:<br>Santa Clara, California<\/h2>\n\n\n\n<p class=\"center-on-mobile has-normal-big-font-size\">La historia de Santa Clara es un vibrante tapiz de innovaci\u00f3n, cultura y resistencia, moldeado por siglos de transformaci\u00f3n. Desde sus ra\u00edces como asentamiento misionero hasta su estatus moderno como centro neur\u00e1lgico de Silicon Valley, la historia de Santa Clara es tan din\u00e1mica como su comunidad.<\/p>\n\n\n\n<p>Mucho antes de la colonizaci\u00f3n europea, el grupo Tamien del pueblo Ohlone viv\u00eda en la regi\u00f3n ahora conocida como Santa Clara. Sus aldeas, incluida la de Thamien -situada en lo que hoy es la sede de la Universidad de Santa Clara- prosperaban gracias a los abundantes recursos naturales del valle. Sin embargo, la llegada de los misioneros espa\u00f1oles a finales del siglo XVIII trajo consigo cambios significativos.<\/p>\n<\/div>\n<\/div><\/div>\n\n\n\n<div class=\"wp-block-kadence-column kadence-column28971_b34ecb-02\"><div class=\"kt-inside-inner-col\">\n<div class=\"wp-block-group has-global-padding is-layout-constrained wp-block-group-is-layout-constrained\">\n<figure class=\"wp-block-image size-full is-style-wavy-right-bottom wp-container-content-69bc4bdf\"><img loading=\"lazy\" decoding=\"async\" width=\"760\" height=\"505\" src=\"https:\/\/www.discoversantaclara.org\/wp-content\/uploads\/2025\/01\/Santa-Clara-Mission-760x505-1.jpeg\" alt=\"A grand church interior with ornate ceiling, chandeliers, and rows of wooden pews leading to an altar in Santa Clara, California.\" class=\"wp-image-41463\" style=\"object-fit:cover\" title=\"\"><\/figure>\n<\/div>\n<\/div><\/div>\n\n<\/div><\/div>\n\n\n<div class=\"wp-block-kadence-column kadence-column28971_f3b55e-71\"><div class=\"kt-inside-inner-col\">\n<p class=\"wp-container-content-e29552f7\">La transici\u00f3n de Santa Clara a un asentamiento europeo comenz\u00f3 en 1777 con el establecimiento de la <a href=\"\/es\/place\/mission-santa-clara-de-asis\/\">Misi\u00f3n de Santa Clara de As\u00eds<\/a>. Sus f\u00e9rtiles tierras atrajeron a los colonos y, en 1852, Santa Clara se constituy\u00f3 oficialmente como ciudad. La zona se gan\u00f3 r\u00e1pidamente el apodo de \"Valle de las Delicias del Coraz\u00f3n\" por sus pr\u00f3speros huertos y campos de hortalizas, alimentados por el rico suelo del valle y su clima templado. Durante esta \u00e9poca, Santa Clara se convirti\u00f3 en un centro de producci\u00f3n de frutas de alta calidad, sobre todo albaricoques, cerezas y ciruelas pasas, que se enviaban a todo el pa\u00eds y al extranjero. La abundante producci\u00f3n agr\u00edcola de la ciudad no s\u00f3lo sosten\u00eda la econom\u00eda local, sino que tambi\u00e9n sentaba las bases de su sentimiento de comunidad y orgullo.<\/p>\n\n\n\n<p>La educaci\u00f3n ha desempe\u00f1ado durante mucho tiempo un papel fundamental en la identidad de Santa Clara. En 1851 se fund\u00f3 el Santa Clara College en los terrenos de la misi\u00f3n, convirti\u00e9ndose en la primera instituci\u00f3n de ense\u00f1anza superior de California. M\u00e1s tarde evolucion\u00f3 hasta convertirse en la Universidad de Santa Clara, una prestigiosa universidad jesuita que sigue combinando sus ra\u00edces hist\u00f3ricas con un compromiso con la innovaci\u00f3n y la excelencia acad\u00e9mica.<\/p>\n<\/div><\/div>\n\n\n<div class=\"kb-row-layout-wrap kb-row-layout-id28971_f0b84a-97 alignnone wp-block-kadence-rowlayout\"><div class=\"kt-row-column-wrap kt-has-2-columns kt-row-layout-equal kt-tab-layout-inherit kt-mobile-layout-row kt-row-valign-top\">\n\n<div class=\"wp-block-kadence-column kadence-column28971_c2417f-bd\"><div class=\"kt-inside-inner-col\">\n<div class=\"wp-block-group has-global-padding is-layout-constrained wp-block-group-is-layout-constrained\">\n<figure class=\"wp-block-image size-full is-style-wavy-left-top\"><img loading=\"lazy\" decoding=\"async\" width=\"800\" height=\"600\" src=\"https:\/\/www.discoversantaclara.org\/wp-content\/uploads\/2025\/01\/14368385388_7a297ae84d_c-1.jpg\" alt=\"A serene statue of a contemplative figure sits atop a rock in the center of a circular stone fountain, surrounded by lush greenery and vibrant flowers in a tranquil park setting in Santa Clara, California.\" class=\"wp-image-36191\" style=\"aspect-ratio:3\/2;object-fit:cover\" title=\"\"><\/figure>\n<\/div>\n<\/div><\/div>\n\n\n\n<div class=\"wp-block-kadence-column kadence-column28971_8c4ab1-d3\"><div class=\"kt-inside-inner-col\">\n<div class=\"wp-block-group has-global-padding is-layout-constrained wp-block-group-is-layout-constrained\">\n<p>A finales del siglo XIX y principios del XX, Santa Clara consolid\u00f3 su reputaci\u00f3n como pr\u00f3spero centro agr\u00edcola. Sin embargo, a mediados del siglo XX, la regi\u00f3n inici\u00f3 su transformaci\u00f3n en un centro tecnol\u00f3gico mundial. En la d\u00e9cada de 1960 floreci\u00f3 la industria de los semiconductores, lo que situ\u00f3 a Santa Clara en el coraz\u00f3n de Silicon Valley. Empresas como Intel eligieron Santa Clara como base de operaciones, consolidando la reputaci\u00f3n de la ciudad como l\u00edder mundial en innovaci\u00f3n tecnol\u00f3gica. Esta transformaci\u00f3n no s\u00f3lo reconfigur\u00f3 la econom\u00eda local, sino que tambi\u00e9n atrajo a una poblaci\u00f3n diversa de visionarios y pioneros. El crecimiento de Santa Clara fue impulsado en parte por Silicon Valley Power (SVP), la compa\u00f1\u00eda el\u00e9ctrica municipal de la ciudad. Fundada en 1896, SVP ha desempe\u00f1ado un papel decisivo en el suministro de energ\u00eda asequible y fiable a residentes y empresas. Conocida por sus iniciativas de sostenibilidad, SVP ha apoyado el r\u00e1pido desarrollo de la ciudad al tiempo que minimizaba el impacto ambiental, ejemplificando el compromiso de Santa Clara con el progreso y la innovaci\u00f3n.<\/p>\n<\/div>\n<\/div><\/div>\n\n<\/div><\/div>\n\n\n<div class=\"wp-block-kadence-column kadence-column28971_e0835e-aa\"><div class=\"kt-inside-inner-col\">\n<p>En 1976, California's Great America abri\u00f3 sus puertas, ofreciendo una nueva y din\u00e1mica opci\u00f3n de entretenimiento en Santa Clara. El parque tem\u00e1tico se convirti\u00f3 en una atracci\u00f3n regional con emocionantes atracciones, espect\u00e1culos en directo y un parque acu\u00e1tico, atrayendo a millones de visitantes e impulsando el turismo local. Su presencia ha contribuido al atractivo de la ciudad como destino para familias y visitantes, apoyando a las empresas locales y mejorando la vida de la comunidad.<\/p>\n\n\n\n<p>El deporte y el entretenimiento tambi\u00e9n han desempe\u00f1ado un papel importante en la conformaci\u00f3n de la cultura y la identidad de la ciudad. El estadio Levi's\u00ae, inaugurado en 2014, es un s\u00edmbolo del compromiso de Santa Clara con la excelencia en el deporte y el entretenimiento. Como sede de los San Francisco 49ers, ha albergado grandes eventos, como la Super Bowl 50 y el campeonato nacional de f\u00fatbol americano universitario, atrayendo a visitantes de todo el mundo. Santa Clara es tambi\u00e9n sede de una vibrante escena deportiva local, desde las ligas juveniles hasta el atletismo universitario en la Universidad de Santa Clara. Deportistas como la estrella del baloncesto Steve Nash y la leyenda del f\u00fatbol Brandi Chastain est\u00e1n vinculados a Santa Clara, lo que pone de relieve la contribuci\u00f3n de la ciudad a la historia del deporte.<\/p>\n<\/div><\/div>\n\n\n<div class=\"kb-row-layout-wrap kb-row-layout-id28971_28527d-5f alignnone wp-block-kadence-rowlayout\"><div class=\"kt-row-column-wrap kt-has-2-columns kt-row-layout-equal kt-tab-layout-inherit kt-mobile-layout-row kt-row-valign-top\">\n\n<div class=\"wp-block-kadence-column kadence-column28971_ce3475-fc\"><div class=\"kt-inside-inner-col\">\n<p class=\"center-on-mobile has-normal-big-font-size\">A pesar de su modernizaci\u00f3n, Santa Clara conserva un profundo respeto por su pasado. Lugares emblem\u00e1ticos como la reconstruida Misi\u00f3n de Santa Clara y las estructuras de adobe conservadas ofrecen una visi\u00f3n de los primeros d\u00edas de la ciudad. Estos lugares hist\u00f3ricos conviven con campus tecnol\u00f3gicos de vanguardia, simbolizando la perfecta combinaci\u00f3n de tradici\u00f3n e innovaci\u00f3n que define a Santa Clara.<\/p>\n\n\n\n<p class=\"center-on-mobile has-normal-big-font-size\">En la actualidad, Santa Clara prospera como una ciudad din\u00e1mica que abraza su rico patrimonio al tiempo que mira hacia el futuro. Con su esp\u00edritu pionero, la ciudad sigue siendo l\u00edder en tecnolog\u00eda, sostenibilidad, educaci\u00f3n y cultura. Es sede de algunas de las empresas m\u00e1s destacadas del mundo, como Intel, NVIDIA, Applied Materials y ServiceNow, que impulsan la innovaci\u00f3n y el crecimiento econ\u00f3mico. Ya sea explorando su misi\u00f3n hist\u00f3rica, animando en el Levi's Stadium, disfrutando de California's Great America o maravill\u00e1ndose con los avances de Silicon Valley, tanto los visitantes como los residentes se sienten inspirados por la mezcla \u00fanica de historia y progreso de Santa Clara.<\/p>\n<\/div><\/div>\n\n\n\n<div class=\"wp-block-kadence-column kadence-column28971_717f0e-c6\"><div class=\"kt-inside-inner-col\">\n<figure class=\"wp-block-image size-large is-style-wavy-right-top\"><img loading=\"lazy\" decoding=\"async\" width=\"1024\" height=\"613\" src=\"https:\/\/www.discoversantaclara.org\/wp-content\/uploads\/2025\/01\/GreatAmericaHistory-1024x613.jpg\" alt=\"A bustling amusement park with a central carousel surrounded by lush greenery and a serene pond, filled with visitors enjoying the attractions in Santa Clara, California.\" class=\"wp-image-41456\" style=\"aspect-ratio:3\/2;object-fit:cover\" title=\"\"><\/figure>\n<\/div><\/div>\n\n<\/div><\/div>\n\n<div style=\"--responsive-spacer--desktop:4rem;--responsive-spacer--tablet:4rem;--responsive-spacer--mobile:3rem;\" class=\"wp-block-madden-theme-responsive-spacer\"><\/div>\n\n\n<div class=\"wp-block-group image-left-content-right has-global-padding is-layout-constrained wp-block-group-is-layout-constrained\" style=\"padding-top:var(--wp--preset--spacing--50);padding-bottom:var(--wp--preset--spacing--50)\">\n<div class=\"wp-block-group image-left-content-right__wrapper has-aqua-light-background-color has-background has-global-padding is-layout-constrained wp-block-group-is-layout-constrained\">\n<div class=\"wp-block-columns is-layout-flex wp-container-core-columns-is-layout-59b338dc wp-block-columns-is-layout-flex\" style=\"padding-top:0;padding-right:0;padding-bottom:0;padding-left:0\">\n<div class=\"wp-block-column is-vertically-aligned-stretch image-left-content-right__image is-layout-flow wp-block-column-is-layout-flow\" style=\"padding-top:0;padding-bottom:0\">\n<figure class=\"wp-block-image size-full is-style-wavy-right-bottom\"><img loading=\"lazy\" decoding=\"async\" width=\"850\" height=\"478\" src=\"https:\/\/www.discoversantaclara.org\/wp-content\/uploads\/2025\/01\/central-park.jpg\" alt=\"A serene park pond with a fountain, surrounded by lush greenery, blooming flowers, and a flock of geese swimming peacefully in Santa Clara, California.\" class=\"wp-image-41454\" style=\"aspect-ratio:4\/3;object-fit:cover\" title=\"\"><\/figure>\n<\/div>\n\n\n\n<div class=\"wp-block-column is-vertically-aligned-stretch image-left-content-right__content is-layout-flow wp-block-column-is-layout-flow\" style=\"padding-top:var(--wp--preset--spacing--50);padding-right:0;padding-bottom:var(--wp--preset--spacing--50);padding-left:0\">\n<div class=\"wp-block-group has-global-padding is-layout-constrained wp-container-core-group-is-layout-97829e9f wp-block-group-is-layout-constrained\" style=\"padding-right:var(--wp--preset--spacing--40);padding-left:var(--wp--preset--spacing--40)\">\n<h2 class=\"wp-block-heading has-large-big-font-size\">Agradecimientos y citas<\/h2>\n\n\n\n<div class=\"wp-block-group has-global-padding is-layout-constrained wp-container-core-group-is-layout-885f993d wp-block-group-is-layout-constrained\" style=\"border-left-color:var(--wp--preset--color--blue);border-left-width:10px;padding-left:var(--wp--preset--spacing--40)\">\n<p class=\"has-normal-big-font-size\">Un agradecimiento especial al sitio web de la ciudad de Santa Clara por proporcionar recursos inestimables sobre la historia y el desarrollo de la ciudad. La informaci\u00f3n clave sobre Mission Santa Clara, Silicon Valley Power, el estadio Levi's y la constituci\u00f3n de la ciudad procede del sitio web oficial de Santa Clara.<\/p>\n\n\n\n<p class=\"has-normal-big-font-size\">Los datos sobre el pueblo Ohlone proceden de la Universidad de Santa Clara y de la tribu Muwekma Ohlone. La informaci\u00f3n sobre California's Great America procede de registros p\u00fablicos y archivos del parque tem\u00e1tico.<\/p>\n<\/div>\n<\/div>\n<\/div>\n<\/div>\n<\/div>\n<\/div>\n\n\n<div style=\"--responsive-spacer--desktop:5rem;--responsive-spacer--tablet:5rem;--responsive-spacer--mobile:3rem;\" class=\"wp-block-madden-theme-responsive-spacer\"><\/div>\n\n\n<h2 class=\"wp-block-heading\">Premios<\/h2>\n\n\n\n<p><strong>El Departamento Financiero de la ciudad de Santa Clara galardonado con el Premio a la Presentaci\u00f3n Presupuestaria Distinguida:<\/strong>&nbsp;El premio representa un logro significativo de la entidad. Refleja el compromiso del \u00f3rgano de gobierno y del personal con el cumplimiento de los principios m\u00e1s elevados de la presupuestaci\u00f3n gubernamental. Para recibir el premio presupuestario, la entidad ha tenido que cumplir las directrices reconocidas a nivel nacional para una presentaci\u00f3n eficaz del presupuesto. Estas directrices est\u00e1n dise\u00f1adas para evaluar hasta qu\u00e9 punto el presupuesto de una entidad sirve como documento pol\u00edtico, plan financiero, gu\u00eda de operaciones y dispositivo de comunicaci\u00f3n.<\/p>\n\n\n\n<p><strong>Silicon Valley Power reconocido como proveedor de energ\u00eda inteligente:<\/strong> Silicon Valley Power ha obtenido la designaci\u00f3n de Proveedor de Energ\u00eda Inteligente (SEP, por sus siglas en ingl\u00e9s) de la Asociaci\u00f3n Americana de Energ\u00eda P\u00fablica (APPA, por sus siglas en ingl\u00e9s) por demostrar un compromiso y competencia en eficiencia energ\u00e9tica, generaci\u00f3n distribuida e iniciativas medioambientales que apoyan el objetivo de proporcionar un servicio el\u00e9ctrico seguro, fiable, de bajo coste y sostenible.<\/p>\n\n\n\n<p><strong>2021 Premio al Proyecto del A\u00f1o de la Asociaci\u00f3n Americana de Obras P\u00fablicas en la categor\u00eda de Medio Ambiente \/ Parques:<\/strong> El proyecto del parque deportivo Reed &amp; Grant ha sido galardonado con el Premio al Proyecto del A\u00f1o en la categor\u00eda de Medio Ambiente\/Parques (&gt;$25M) por la American Public Works Association Silicon Valley Chapter.<\/p>\n\n\n\n<p><strong>Premio 2021 a la Excelencia en Pr\u00e1cticas de Tecnolog\u00eda de la Informaci\u00f3n de la Asociaci\u00f3n de Sistemas de Informaci\u00f3n Municipales de California (MISAC):<\/strong> El premio MISAC reconoce a la ciudad por la aplicaci\u00f3n de pr\u00e1cticas de tecnolog\u00eda de la informaci\u00f3n que sobresalen en el uso creativo y eficiente de los recursos del gobierno local. El premio significa que la ciudad ha cumplido o superado los est\u00e1ndares MISAC en las \u00e1reas tecnol\u00f3gicas de Presupuesto y Planificaci\u00f3n Estrat\u00e9gica, Compras, Operaciones y Personal, Satisfacci\u00f3n del Cliente, Internet, Gesti\u00f3n de Proyectos, Desarrollo Profesional y Formaci\u00f3n, Preparaci\u00f3n y Recuperaci\u00f3n ante Desastres, Pol\u00edticas y Procedimientos, Seguridad y GIS.<\/p>\n\n\n<div style=\"--responsive-spacer--desktop:5.5rem;--responsive-spacer--tablet:5.5rem;--responsive-spacer--mobile:2.5rem;\" class=\"wp-block-madden-theme-responsive-spacer\"><\/div>\n\n\n<h2 class=\"wp-block-heading has-text-align-center\"><strong>Cronolog\u00eda hist\u00f3rica de Santa Clara<\/strong><\/h2>\n\n\n\n<div class=\"wp-block-group has-global-padding is-layout-constrained wp-block-group-is-layout-constrained\" style=\"padding-top:var(--wp--preset--spacing--40);padding-bottom:0\">\n<div class=\"wp-block-group aligncenter-small has-global-padding is-layout-constrained wp-block-group-is-layout-constrained\">\n<p><strong>Antes de 1769:<\/strong><br>El grupo Tamien del pueblo Ohlone prospera en el valle de Santa Clara, estableciendo aldeas como Thamien y practicando una vida sostenible mediante la caza, la pesca y la recolecci\u00f3n.<\/p>\n\n\n\n<p><strong>1769:<\/strong><br>El explorador espa\u00f1ol Jos\u00e9 Francisco Ortega se convierte en el primer europeo que atraviesa el valle de Santa Clara.<\/p>\n\n\n\n<p><strong>1777:<\/strong><br>Los franciscanos espa\u00f1oles establecen la Misi\u00f3n de Santa Clara de As\u00eds, que marca el inicio de la colonizaci\u00f3n europea y de la agricultura en la regi\u00f3n.<\/p>\n\n\n\n<p><strong>1851:<\/strong><br>Se funda el Santa Clara College (m\u00e1s tarde Santa Clara University) en el emplazamiento de la Misi\u00f3n de Santa Clara, convirti\u00e9ndose en la primera instituci\u00f3n de ense\u00f1anza superior de California.<\/p>\n\n\n\n<p><strong>1852:<\/strong><br>Se constituye oficialmente la ciudad de Santa Clara, cuya econom\u00eda se basa en la agricultura.<\/p>\n\n\n\n<p><strong>Finales del siglo XIX:<\/strong><br>Santa Clara se ha ganado el sobrenombre de \"Valle de las Delicias del Coraz\u00f3n\" debido a sus florecientes huertos y a la producci\u00f3n agr\u00edcola de frutas como albaricoques, cerezas y ciruelas pasas.<\/p>\n\n\n\n<p><strong>1896:<\/strong><br>Se crea Silicon Valley Power (SVP), que suministra electricidad fiable y asequible a residentes y empresas.<\/p>\n\n\n\n<p><strong>D\u00e9cada de 1940-1950:<\/strong><br>La regi\u00f3n inicia su transici\u00f3n de la agricultura a la tecnolog\u00eda, sentando las bases para el auge de Silicon Valley.<\/p>\n\n\n\n<p><strong>1960s:<\/strong><br>La industria de los semiconductores florece, y empresas como Intel establecen su sede en Santa Clara.<\/p>\n\n\n\n<p><strong>1976:<\/strong><br>California's Great America abre sus puertas, convirti\u00e9ndose en una gran atracci\u00f3n para familias y visitantes e impulsando el turismo local.<\/p>\n\n\n\n<p><strong>2014:<\/strong><br>El estadio Levi's\u00ae se convierte en el hogar de los San Francisco 49ers y acoge acontecimientos de talla mundial como la Super Bowl 50 y el campeonato nacional de f\u00fatbol americano universitario.<\/p>\n\n\n\n<p class=\"center-on-mobile has-normal-big-font-size\"><strong>Hoy:<\/strong><br>Santa Clara sigue siendo l\u00edder en tecnolog\u00eda, sostenibilidad y educaci\u00f3n, al tiempo que honra su rica historia y patrimonio cultural.<\/p>\n<\/div>\n<\/div>\n\n\n\n<p><\/p>","protected":false},"excerpt":{"rendered":"<p>A Rich History of Innovation and Community:Santa Clara, California Santa Clara\u2019s story is a vibrant tapestry of innovation, culture, and resilience, shaped by centuries of transformation. From its roots as a mission settlement to its modern status as a Silicon Valley powerhouse, Santa Clara\u2019s history is as dynamic as its community. Long before European settlement, [&hellip;]<\/p>\n","protected":false},"author":1,"featured_media":30944,"parent":0,"menu_order":0,"comment_status":"closed","ping_status":"closed","template":"","meta":{"_acf_changed":false,"footnotes":""},"class_list":["post-28971","page","type-page","status-publish","has-post-thumbnail","hentry"],"acf":[],"content_card":null,"_links":{"self":[{"href":"https:\/\/www.discoversantaclara.org\/es\/wp-json\/wp\/v2\/pages\/28971","targetHints":{"allow":["GET"]}}],"collection":[{"href":"https:\/\/www.discoversantaclara.org\/es\/wp-json\/wp\/v2\/pages"}],"about":[{"href":"https:\/\/www.discoversantaclara.org\/es\/wp-json\/wp\/v2\/types\/page"}],"author":[{"embeddable":true,"href":"https:\/\/www.discoversantaclara.org\/es\/wp-json\/wp\/v2\/users\/1"}],"replies":[{"embeddable":true,"href":"https:\/\/www.discoversantaclara.org\/es\/wp-json\/wp\/v2\/comments?post=28971"}],"version-history":[{"count":39,"href":"https:\/\/www.discoversantaclara.org\/es\/wp-json\/wp\/v2\/pages\/28971\/revisions"}],"predecessor-version":[{"id":53803,"href":"https:\/\/www.discoversantaclara.org\/es\/wp-json\/wp\/v2\/pages\/28971\/revisions\/53803"}],"wp:featuredmedia":[{"embeddable":true,"href":"https:\/\/www.discoversantaclara.org\/es\/wp-json\/wp\/v2\/media\/30944"}],"wp:attachment":[{"href":"https:\/\/www.discoversantaclara.org\/es\/wp-json\/wp\/v2\/media?parent=28971"}],"curies":[{"name":"wp","href":"https:\/\/api.w.org\/{rel}","templated":true}]}}