{"id":28556,"date":"2024-11-22T13:34:02","date_gmt":"2024-11-22T21:34:02","guid":{"rendered":"https:\/\/www.discoversantaclara.org\/?page_id=28556"},"modified":"2025-11-20T09:19:08","modified_gmt":"2025-11-20T17:19:08","slug":"why-meet-in-santa-clara","status":"publish","type":"page","link":"https:\/\/www.discoversantaclara.org\/es\/groups-meetings\/why-meet-in-santa-clara\/","title":{"rendered":"Por qu\u00e9 reunirse en Santa Clara"},"content":{"rendered":"<div class=\"wp-block-cover alignfull is-light hero-slider\"><img loading=\"lazy\" decoding=\"async\" width=\"1920\" height=\"979\" class=\"wp-block-cover__image-background wp-image-40978\" alt=\"Visit Santa Clara\" src=\"https:\/\/www.discoversantaclara.org\/wp-content\/uploads\/2025\/01\/iStock-2173267627-1-1-scaled.jpg\" data-object-fit=\"cover\" title=\"\"><span aria-hidden=\"true\" class=\"wp-block-cover__background has-background-dim-0 has-background-dim\" style=\"background-color:#66625c\"><\/span><div class=\"wp-block-cover__inner-container is-layout-flow wp-block-cover-is-layout-flow\">\n<div class=\"wp-block-group alignfull hero-slider__content is-vertical is-content-justification-center is-layout-flex wp-container-core-group-is-layout-7f11c10a wp-block-group-is-layout-flex\" style=\"padding-right:var(--wp--preset--spacing--30);padding-left:var(--wp--preset--spacing--30)\">\n<div class=\"wp-block-group hero-slider__title is-content-justification-center is-nowrap is-layout-flex wp-container-core-group-is-layout-23441af8 wp-block-group-is-layout-flex\">\n<h1 class=\"wp-block-heading has-text-align-center has-white-color has-text-color has-link-color has-xxlarge-font-size wp-elements-20ab737c31bccb9f24b07c824134718a\">\u00bfPor qu\u00e9 reunirse aqu\u00ed?<\/h1>\n<\/div>\n<\/div>\n<\/div><\/div>\n\n\n\n<div class=\"wp-block-group has-global-padding is-layout-constrained wp-block-group-is-layout-constrained\" style=\"padding-top:var(--wp--preset--spacing--40);padding-bottom:0\">\n<div class=\"wp-block-group aligncenter-small has-global-padding is-layout-constrained wp-block-group-is-layout-constrained\">\n<h1 class=\"wp-block-heading center-on-mobile\">Aqu\u00ed mandamos en la sala y damos forma al futuro.<\/h1>\n\n\n\n<p class=\"center-on-mobile has-normal-big-font-size\">Bienvenido a Santa Clara, donde la innovaci\u00f3n no s\u00f3lo se fomenta, sino que es una forma de vida. Desde legendarios avances tecnol\u00f3gicos hasta eventos inolvidables, esta ciudad se esfuerza por hacer realidad lo imposible. \u00bfEst\u00e1 preparado para organizar algo que destaque? Hag\u00e1moslo extraordinario juntos.<\/p>\n<\/div>\n<\/div>\n\n\n<div style=\"--responsive-spacer--desktop:7rem;--responsive-spacer--tablet:7rem;--responsive-spacer--mobile:2rem;\" class=\"wp-block-madden-theme-responsive-spacer\"><\/div>\n\n\n<div class=\"wp-block-group alignfull is-layout-flow wp-block-group-is-layout-flow\">\n<div class=\"wp-block-group has-global-padding is-layout-constrained wp-container-core-group-is-layout-f0eb9c39 wp-block-group-is-layout-constrained\" style=\"margin-bottom:-300px;padding-right:var(--wp--preset--spacing--30);padding-left:var(--wp--preset--spacing--30)\">\n<div class=\"wp-block-group diamond-group has-blue-background-color has-background has-global-padding is-layout-constrained wp-container-core-group-is-layout-89cfeed7 wp-block-group-is-layout-constrained\" style=\"padding-top:10px;padding-right:10px;padding-bottom:10px;padding-left:10px\">\n<div class=\"wp-block-group diamond-group__border has-gold-background-color has-background has-global-padding is-layout-constrained wp-container-core-group-is-layout-86152876 wp-block-group-is-layout-constrained\" style=\"padding-top:6px;padding-right:6px;padding-bottom:6px;padding-left:6px\">\n<div class=\"wp-block-group diamond-group__contents has-white-color has-blue-background-color has-text-color has-background has-link-color wp-elements-66daa6f79632873a93a636ec39c7608c has-global-padding is-layout-constrained wp-container-core-group-is-layout-1f700170 wp-block-group-is-layout-constrained\" style=\"padding-top:var(--wp--preset--spacing--40);padding-right:10%;padding-bottom:5.63em;padding-left:10%\">\n<h2 class=\"wp-block-heading has-text-align-center\">Nuestro enfoque<\/h2>\n\n\n\n<p class=\"has-text-align-center\">No nos limitamos a planificar eventos: creamos experiencias. Con un toque l\u00fadico y una planificaci\u00f3n sin estr\u00e9s, convertimos las grandes ideas en momentos inolvidables.<\/p>\n\n\n\n<div class=\"wp-block-buttons is-content-justification-center is-layout-flex wp-container-core-buttons-is-layout-d8c0be80 wp-block-buttons-is-layout-flex\" style=\"margin-top:var(--wp--preset--spacing--40)\">\n<div class=\"wp-block-button\"><a rel=\"\" target=\"\" href=\"https:\/\/www.discoversantaclara.org\/es\/rfp\/\" class=\"wp-block-button__link has-white-color has-text-color has-link-color wp-element-button\">Presentar solicitud de propuestas<\/a><\/div>\n<\/div>\n<\/div>\n<\/div>\n<\/div>\n<\/div>\n\n\n\n<div style=\"background-image:url(&apos;https:\/\/www.discoversantaclara.org\/wp-content\/uploads\/2024\/11\/why-1.jpg&apos;);background-size:cover;\" class=\"wp-block-group is-layout-flow wp-block-group-is-layout-flow has-background\"><div style=\"--responsive-spacer--desktop:27.5rem;--responsive-spacer--tablet:27.5rem;--responsive-spacer--mobile:27.5rem;\" class=\"wp-block-madden-theme-responsive-spacer\"><\/div><\/div>\n<\/div>\n\n\n<div style=\"--responsive-spacer--desktop:7.25rem;--responsive-spacer--tablet:7.25rem;--responsive-spacer--mobile:4.75rem;\" class=\"wp-block-madden-theme-responsive-spacer\"><\/div>\n\n\n<div class=\"wp-block-group cta-slider has-global-padding is-layout-constrained wp-block-group-is-layout-constrained\" style=\"margin-top:0;margin-bottom:0;padding-top:0;padding-bottom:0\">\n<section id=\"\" class=\"slider-type-custom cta-slider is-style-none  cta-slider is-style-none wp-block-madden-theme-slider\"  data-uid=\"24f83e9f-1d18-42e8-a496-a63fd1e800df\">\n\t<div class=\"swiper\" data-enableautoplay=\"\" data-centeredslides=\"\" data-effect=\"fade\" data-loop=\"\" data-freemode=\"\" data-enablemousescroll=\"\" data-enablearrownavigation=\"1\" data-enablepagination=\"\" data-enablescrollbar=\"\" data-sliderdirectiondesktop=\"horizontal\" data-sliderdirectiontablet=\"horizontal\" data-sliderdirectionmobile=\"horizontal\" data-enablegridrows=\"\" data-gridrowsdesktop=\"1\" data-gridrowstablet=\"1\" data-gridrowsmobile=\"1\" data-enablespacebetween=\"\" data-spacebetweendesktop=\"10\" data-spacebetweentablet=\"10\" data-spacebetweenmobile=\"10\" data-enableslidesperview=\"\" data-enableslidesperviewauto=\"\" data-slidesperviewdesktop=\"1\" data-slidesperviewtablet=\"1\" data-slidesperviewmobile=\"1\" data-enableslidespergroup=\"\" data-enableslidespergroupauto=\"\" data-slidespergroupdesktop=\"1\" data-slidespergrouptablet=\"1\" data-slidespergroupmobile=\"1\">\n\n\t\t<div class=\"swiper-wrapper\">\n\t\t\t\n\n<div class=\"wp-block-madden-theme-single-slide swiper-slide\">\n<div class=\"wp-block-group cta-slide has-global-padding is-layout-constrained wp-block-group-is-layout-constrained\">\n<div class=\"wp-block-cover\" style=\"min-height:400px;aspect-ratio:unset;\"><img loading=\"lazy\" decoding=\"async\" width=\"1920\" height=\"1282\" class=\"wp-block-cover__image-background wp-image-40983\" alt=\"Outdoor event setup with picnic tables, red and white checkered tablecloths, and a bar area near a stadium in Santa Clara, California.\" src=\"https:\/\/www.discoversantaclara.org\/wp-content\/uploads\/2025\/01\/TailG8Zone-6-scaled.jpg\" style=\"object-position:52% 12%\" data-object-fit=\"cover\" data-object-position=\"52% 12%\" title=\"\"><span aria-hidden=\"true\" class=\"wp-block-cover__background has-blue-background-color has-background-dim-80 has-background-dim\"><\/span><div class=\"wp-block-cover__inner-container is-layout-flow wp-block-cover-is-layout-flow\">\n<div class=\"wp-block-group has-white-color has-text-color has-link-color wp-elements-720f79f06bc7bf07d0075563e674683b has-global-padding is-content-justification-left is-layout-constrained wp-container-core-group-is-layout-749cb7c4 wp-block-group-is-layout-constrained\">\n<h2 class=\"wp-block-heading\" style=\"font-size:clamp(22.041px, 1.378rem + ((1vw - 3.2px) * 1.287), 36px);\">Mantenimiento impecable<\/h2>\n\n\n\n<p>Our venues are polished, safe, and bursting with charm. With world-class amenities and that inviting small-town vibe, we offer the perfect balance of sophistication and comfort. It\u2019s an <a href=\"https:\/\/www.discoversantaclara.org\/es\/groups-meetings\/reimagining-events\/\">event-ready<\/a> city where your attendees can feel both inspired and at ease.<\/p>\n<\/div>\n<\/div><\/div>\n<\/div>\n<\/div>\n\n\n\n<div class=\"wp-block-madden-theme-single-slide swiper-slide\">\n<div class=\"wp-block-group cta-slide has-global-padding is-layout-constrained wp-block-group-is-layout-constrained\">\n<div class=\"wp-block-cover\" style=\"min-height:400px;aspect-ratio:unset;\"><img loading=\"lazy\" decoding=\"async\" width=\"1920\" height=\"962\" class=\"wp-block-cover__image-background wp-image-40989\" alt=\"A modern light rail train with a blue and white logo is stopped at a platform, surrounded by trees and overhead power lines in Santa Clara, California.\" src=\"https:\/\/www.discoversantaclara.org\/wp-content\/uploads\/2025\/01\/Light-Rail-Parked-At-Baypointe-Station-scaled.jpg\" data-object-fit=\"cover\" title=\"\"><span aria-hidden=\"true\" class=\"wp-block-cover__background has-blue-background-color has-background-dim-80 has-background-dim\"><\/span><div class=\"wp-block-cover__inner-container is-layout-flow wp-block-cover-is-layout-flow\">\n<div class=\"wp-block-group has-white-color has-text-color has-link-color wp-elements-c3d5c46ec7c5064c385e604304df0bcf has-global-padding is-content-justification-left is-layout-constrained wp-container-core-group-is-layout-749cb7c4 wp-block-group-is-layout-constrained\">\n<h2 class=\"wp-block-heading\" style=\"font-size:clamp(22.041px, 1.378rem + ((1vw - 3.2px) * 1.287), 36px);\">Accesibilidad<\/h2>\n\n\n\n<p>\u00bfLlegar hasta aqu\u00ed? Muy f\u00e1cil. El aeropuerto internacional de San Jos\u00e9 est\u00e1 a s\u00f3lo unos minutos, y hay otros dos aeropuertos internacionales a menos de una hora en coche. Aparcamiento gratuito, trenes a pocos pasos del centro de convenciones y numerosas opciones de transporte compartido facilitan los desplazamientos.<\/p>\n\n\n\n<div class=\"wp-block-buttons is-layout-flex wp-block-buttons-is-layout-flex\" style=\"margin-top:var(--wp--preset--spacing--40)\">\n<div class=\"wp-block-button\"><a class=\"wp-block-button__link has-white-color has-text-color has-link-color wp-element-button\" href=\"https:\/\/www.discoversantaclara.org\/es\/plan\/getting-here\/\">M\u00e1s informaci\u00f3n<\/a><\/div>\n<\/div>\n<\/div>\n<\/div><\/div>\n<\/div>\n<\/div>\n\n\n\n<div class=\"wp-block-madden-theme-single-slide swiper-slide\">\n<div class=\"wp-block-group cta-slide has-global-padding is-layout-constrained wp-block-group-is-layout-constrained\">\n<div class=\"wp-block-cover\" style=\"min-height:400px;aspect-ratio:unset;\"><img loading=\"lazy\" decoding=\"async\" width=\"1920\" height=\"1280\" class=\"wp-block-cover__image-background wp-image-40990\" alt=\"A thrilling roller coaster ride with passengers ascending a steep wooden track towards a towering observation deck against a clear blue sky in Santa Clara, California.\" src=\"https:\/\/www.discoversantaclara.org\/wp-content\/uploads\/2025\/01\/Gold-Striker_1-scaled.jpg\" style=\"object-position:53% 95%\" data-object-fit=\"cover\" data-object-position=\"53% 95%\" title=\"\"><span aria-hidden=\"true\" class=\"wp-block-cover__background has-blue-background-color has-background-dim-80 has-background-dim\"><\/span><div class=\"wp-block-cover__inner-container is-layout-flow wp-block-cover-is-layout-flow\">\n<div class=\"wp-block-group has-white-color has-text-color has-link-color wp-elements-ab9f211b1ff335f326fcd6397b7fd1a5 has-global-padding is-content-justification-left is-layout-constrained wp-container-core-group-is-layout-749cb7c4 wp-block-group-is-layout-constrained\">\n<h2 class=\"wp-block-heading\" style=\"font-size:clamp(22.041px, 1.378rem + ((1vw - 3.2px) * 1.287), 36px);\">Ubicaci\u00f3n, ubicaci\u00f3n, ubicaci\u00f3n<\/h2>\n\n\n\n<p>Situada en el coraz\u00f3n de Silicon Valley, Santa Clara ofrece una ubicaci\u00f3n privilegiada a un salto de Santa Cruz, Carmel, San Francisco y Wine Country. Perfecto para aventuras despu\u00e9s de una reuni\u00f3n o para explorar la ciudad durante el tiempo de descanso.<\/p>\n\n\n\n<div class=\"wp-block-buttons is-layout-flex wp-block-buttons-is-layout-flex\" style=\"margin-top:var(--wp--preset--spacing--40)\">\n<div class=\"wp-block-button\"><a class=\"wp-block-button__link has-white-color has-text-color has-link-color wp-element-button\" href=\"https:\/\/www.discoversantaclara.org\/es\/explore\/\">M\u00e1s informaci\u00f3n<\/a><\/div>\n<\/div>\n<\/div>\n<\/div><\/div>\n<\/div>\n<\/div>\n\n\n\n<div class=\"wp-block-madden-theme-single-slide swiper-slide\">\n<div class=\"wp-block-group cta-slide has-global-padding is-layout-constrained wp-block-group-is-layout-constrained\">\n<div class=\"wp-block-cover\" style=\"min-height:400px;aspect-ratio:unset;\"><img loading=\"lazy\" decoding=\"async\" width=\"1167\" height=\"401\" class=\"wp-block-cover__image-background wp-image-28570\" alt=\"A vibrant poolside scene featuring colorful striped umbrellas and lounge chairs surrounding a sparkling blue pool, with a backdrop of a mural-adorned building and lush greenery in Santa Clara, California.\" src=\"https:\/\/www.discoversantaclara.org\/wp-content\/uploads\/2024\/11\/why-5.jpg\" data-object-fit=\"cover\" title=\"\"><span aria-hidden=\"true\" class=\"wp-block-cover__background has-blue-background-color has-background-dim-80 has-background-dim\"><\/span><div class=\"wp-block-cover__inner-container is-layout-flow wp-block-cover-is-layout-flow\">\n<div class=\"wp-block-group has-white-color has-text-color has-link-color wp-elements-ab6428345fc8bb0001b54f7e80c56663 has-global-padding is-content-justification-left is-layout-constrained wp-container-core-group-is-layout-749cb7c4 wp-block-group-is-layout-constrained\">\n<h2 class=\"wp-block-heading\" style=\"font-size:clamp(22.041px, 1.378rem + ((1vw - 3.2px) * 1.287), 36px);\">Sue\u00f1o californiano<\/h2>\n\n\n\n<p>\u00bf300 d\u00edas de sol al a\u00f1o? Seguro que s\u00ed. Santa Clara es su escapada soleada durante todo el a\u00f1o, tanto si celebra su reuni\u00f3n en el interior como si la lleva al exterior para tomar el sol.<\/p>\n<\/div>\n<\/div><\/div>\n<\/div>\n<\/div>\n\n\t\t<\/div>\n\t<\/div>\n\n\t<div class=\"swiper-navigation-wrapper\"><div class=\"swiper-button-prev\" style=\"color:;background-color:;\"><\/div><div class=\"swiper-button-next\" style=\"color:;background-color:;\"><\/div><\/div><\/section>\n<\/div>\n\n\n<div style=\"--responsive-spacer--desktop:3rem;--responsive-spacer--tablet:3rem;--responsive-spacer--mobile:3rem;\" class=\"wp-block-madden-theme-responsive-spacer\"><\/div>\n\n\n<div class=\"wp-block-buttons is-content-justification-center is-layout-flex wp-container-core-buttons-is-layout-a89b3969 wp-block-buttons-is-layout-flex\">\n<div class=\"wp-block-button is-style-mindtrip\"><a class=\"wp-block-button__link has-custom-font-size wp-element-button\" href=\"#mindtrip.ai\/chat\/new?q=Tell me more about planning an event in Santa Clara.\" style=\"padding-top:22px;padding-bottom:22px;font-size:clamp(0.875rem, 0.875rem + ((1vw - 0.2rem) * 0.184), 1rem);\">Access planning concierge<\/a><\/div>\n<\/div>","protected":false},"excerpt":{"rendered":"<p>Here we command the room and shape the future. Welcome to Santa Clara, where innovation isn\u2019t just encouraged\u2014it\u2019s a way of life. From legendary tech breakthroughs to unforgettable events, this city thrives on turning the impossible into reality. Ready to host something that stands out? Let\u2019s make it extraordinary together.<\/p>","protected":false},"author":1,"featured_media":28574,"parent":1505,"menu_order":0,"comment_status":"closed","ping_status":"closed","template":"","meta":{"_acf_changed":false,"footnotes":""},"class_list":["post-28556","page","type-page","status-publish","has-post-thumbnail","hentry"],"acf":[],"content_card":null,"_links":{"self":[{"href":"https:\/\/www.discoversantaclara.org\/es\/wp-json\/wp\/v2\/pages\/28556","targetHints":{"allow":["GET"]}}],"collection":[{"href":"https:\/\/www.discoversantaclara.org\/es\/wp-json\/wp\/v2\/pages"}],"about":[{"href":"https:\/\/www.discoversantaclara.org\/es\/wp-json\/wp\/v2\/types\/page"}],"author":[{"embeddable":true,"href":"https:\/\/www.discoversantaclara.org\/es\/wp-json\/wp\/v2\/users\/1"}],"replies":[{"embeddable":true,"href":"https:\/\/www.discoversantaclara.org\/es\/wp-json\/wp\/v2\/comments?post=28556"}],"version-history":[{"count":53,"href":"https:\/\/www.discoversantaclara.org\/es\/wp-json\/wp\/v2\/pages\/28556\/revisions"}],"predecessor-version":[{"id":55935,"href":"https:\/\/www.discoversantaclara.org\/es\/wp-json\/wp\/v2\/pages\/28556\/revisions\/55935"}],"up":[{"embeddable":true,"href":"https:\/\/www.discoversantaclara.org\/es\/wp-json\/wp\/v2\/pages\/1505"}],"wp:featuredmedia":[{"embeddable":true,"href":"https:\/\/www.discoversantaclara.org\/es\/wp-json\/wp\/v2\/media\/28574"}],"wp:attachment":[{"href":"https:\/\/www.discoversantaclara.org\/es\/wp-json\/wp\/v2\/media?parent=28556"}],"curies":[{"name":"wp","href":"https:\/\/api.w.org\/{rel}","templated":true}]}}